{"id":11597,"date":"2024-09-09T20:10:23","date_gmt":"2024-09-10T00:10:23","guid":{"rendered":"https:\/\/fondationsanteurbaine.com\/about\/nos-etablissements-fondation\/"},"modified":"2025-12-12T13:44:52","modified_gmt":"2025-12-12T18:44:52","slug":"hospitals-and-centres-supported","status":"publish","type":"page","link":"https:\/\/fondationsanteurbaine.com\/en\/about\/hospitals-and-centres-supported\/","title":{"rendered":"Our Establishments"},"content":{"rendered":"\t\t<div data-elementor-type=\"wp-page\" data-elementor-id=\"11597\" class=\"elementor elementor-11597 elementor-10370\" data-elementor-post-type=\"page\">\n\t\t\t\t<div class=\"elementor-element elementor-element-5405055e e-flex e-con-boxed e-con e-parent\" data-id=\"5405055e\" data-element_type=\"container\" data-settings=\"{&quot;background_background&quot;:&quot;classic&quot;}\">\n\t\t\t\t\t<div class=\"e-con-inner\">\n\t\t\t\t<div class=\"elementor-element elementor-element-cb5b05a elmn-offcl-h2 elementor-widget elementor-widget-heading\" data-id=\"cb5b05a\" data-element_type=\"widget\" data-widget_type=\"heading.default\">\n\t\t\t\t<div class=\"elementor-widget-container\">\n\t\t\t\t\t<h1 class=\"elementor-heading-title elementor-size-default\">Foundation-Supported Hospitals and Centres<\/h1>\t\t\t\t<\/div>\n\t\t\t\t<\/div>\n\t\t\t\t\t<\/div>\n\t\t\t\t<\/div>\n\t\t<div class=\"elementor-element elementor-element-576fe44 elmn-main e-flex e-con-boxed e-con e-parent\" data-id=\"576fe44\" data-element_type=\"container\">\n\t\t\t\t\t<div class=\"e-con-inner\">\n\t\t\t\t<div class=\"elementor-element elementor-element-21ccbce elementor-widget elementor-widget-text-editor\" data-id=\"21ccbce\" data-element_type=\"widget\" data-widget_type=\"text-editor.default\">\n\t\t\t\t<div class=\"elementor-widget-container\">\n\t\t\t\t\t\t\t\t\t<p>We are proud of our widespread presence in the community, which covers <strong>2 hospitals, 8 local community services centres (CLSCs), and 14 residential and long-term care centres (CHSLDs).<\/strong><\/p><p>This variety and reach is what sets us apart and allows us to have a substantial impact on the health and well-being of the population throughout every stage of a person\u2019s life.<\/p>\t\t\t\t\t\t\t\t<\/div>\n\t\t\t\t<\/div>\n\t\t\t\t\t<\/div>\n\t\t\t\t<\/div>\n\t\t<div class=\"elementor-element elementor-element-7df248f e-flex e-con-boxed e-con e-parent\" data-id=\"7df248f\" data-element_type=\"container\" data-settings=\"{&quot;background_background&quot;:&quot;classic&quot;}\">\n\t\t\t\t\t<div class=\"e-con-inner\">\n\t\t<div class=\"elementor-element elementor-element-8b57f79 e-con-full e-flex e-con e-child\" data-id=\"8b57f79\" data-element_type=\"container\">\n\t\t\t\t<div class=\"elementor-element elementor-element-233b73a elmn-offcl-h3 elementor-widget elementor-widget-heading\" data-id=\"233b73a\" data-element_type=\"widget\" data-widget_type=\"heading.default\">\n\t\t\t\t<div class=\"elementor-widget-container\">\n\t\t\t\t\t<h4 class=\"elementor-heading-title elementor-size-default\">The Verdun Hospital<\/h4>\t\t\t\t<\/div>\n\t\t\t\t<\/div>\n\t\t\t\t<div class=\"elementor-element elementor-element-b84d7e2 elementor-widget elementor-widget-text-editor\" data-id=\"b84d7e2\" data-element_type=\"widget\" data-widget_type=\"text-editor.default\">\n\t\t\t\t<div class=\"elementor-widget-container\">\n\t\t\t\t\t\t\t\t\t<p>Opened in 1932, the Verdun Hospital serves the C\u00f4te-Saint-Paul, Nuns&#8217; island (\u00cele-des-S\u0153urs), Little Burgundy (Petite-Bourgogne), Pointe Saint-Charles, Saint-Henri, Verdun, and Ville-\u00c9mard neighbourhoods.<\/p><p>Affiliated with the University of Montr\u00e9al\u2019s Family Medicine Department, the hospital is home to the third-largest family medicine centre on the Island of Montr\u00e9al and provides outpatient services for day surgeries and day medicine.<\/p><p>The Verdun Hospital is currently undergoing expansion and modernization work to better meet the needs of the community.<\/p>\t\t\t\t\t\t\t\t<\/div>\n\t\t\t\t<\/div>\n\t\t\t\t<\/div>\n\t\t<div class=\"elementor-element elementor-element-715771d e-con-full e-flex e-con e-child\" data-id=\"715771d\" data-element_type=\"container\" data-settings=\"{&quot;background_background&quot;:&quot;classic&quot;}\">\n\t\t\t\t<\/div>\n\t\t\t\t\t<\/div>\n\t\t\t\t<\/div>\n\t\t<div class=\"elementor-element elementor-element-4a03a2d elmn-main e-flex e-con-boxed e-con e-parent\" data-id=\"4a03a2d\" data-element_type=\"container\" data-settings=\"{&quot;background_background&quot;:&quot;classic&quot;}\">\n\t\t\t\t\t<div class=\"e-con-inner\">\n\t\t\t\t<div class=\"elementor-element elementor-element-ebc9b89 elementor-widget elementor-widget-text-editor\" data-id=\"ebc9b89\" data-element_type=\"widget\" data-widget_type=\"text-editor.default\">\n\t\t\t\t<div class=\"elementor-widget-container\">\n\t\t\t\t\t\t\t\t\t<h3 style=\"text-align: center;\"><strong>The Verdun Hospital in numbers<\/strong><\/h3>\t\t\t\t\t\t\t\t<\/div>\n\t\t\t\t<\/div>\n\t\t\t\t\t<\/div>\n\t\t\t\t<\/div>\n\t\t<div class=\"elementor-element elementor-element-d72fd0e elmn-main e-flex e-con-boxed e-con e-parent\" data-id=\"d72fd0e\" data-element_type=\"container\" data-settings=\"{&quot;background_background&quot;:&quot;classic&quot;}\">\n\t\t\t\t\t<div class=\"e-con-inner\">\n\t\t\t\t<div class=\"elementor-element elementor-element-90deb90 elementor-widget__width-initial elementor-widget elementor-widget-counter\" data-id=\"90deb90\" data-element_type=\"widget\" data-widget_type=\"counter.default\">\n\t\t\t\t<div class=\"elementor-widget-container\">\n\t\t\t\t\t\t\t<div class=\"elementor-counter\">\n\t\t\t<div class=\"elementor-counter-title\">Beds<\/div>\t\t\t<div class=\"elementor-counter-number-wrapper\">\n\t\t\t\t<span class=\"elementor-counter-number-prefix\"><\/span>\n\t\t\t\t<span class=\"elementor-counter-number\" data-duration=\"2000\" data-to-value=\"244\" data-from-value=\"0\" data-delimiter=\",\">0<\/span>\n\t\t\t\t<span class=\"elementor-counter-number-suffix\"><\/span>\n\t\t\t<\/div>\n\t\t<\/div>\n\t\t\t\t\t\t<\/div>\n\t\t\t\t<\/div>\n\t\t\t\t<div class=\"elementor-element elementor-element-ea09741 elementor-widget__width-initial elementor-widget elementor-widget-counter\" data-id=\"ea09741\" data-element_type=\"widget\" data-widget_type=\"counter.default\">\n\t\t\t\t<div class=\"elementor-widget-container\">\n\t\t\t\t\t\t\t<div class=\"elementor-counter\">\n\t\t\t<div class=\"elementor-counter-title\">ER visits per year<\/div>\t\t\t<div class=\"elementor-counter-number-wrapper\">\n\t\t\t\t<span class=\"elementor-counter-number-prefix\"><\/span>\n\t\t\t\t<span class=\"elementor-counter-number\" data-duration=\"2000\" data-to-value=\"38000\" data-from-value=\"0\" data-delimiter=\" \">0<\/span>\n\t\t\t\t<span class=\"elementor-counter-number-suffix\"><\/span>\n\t\t\t<\/div>\n\t\t<\/div>\n\t\t\t\t\t\t<\/div>\n\t\t\t\t<\/div>\n\t\t\t\t<div class=\"elementor-element elementor-element-f8fed65 elementor-widget__width-initial elementor-widget elementor-widget-counter\" data-id=\"f8fed65\" data-element_type=\"widget\" data-widget_type=\"counter.default\">\n\t\t\t\t<div class=\"elementor-widget-container\">\n\t\t\t\t\t\t\t<div class=\"elementor-counter\">\n\t\t\t<div class=\"elementor-counter-title\">People hospitalized per year<\/div>\t\t\t<div class=\"elementor-counter-number-wrapper\">\n\t\t\t\t<span class=\"elementor-counter-number-prefix\"><\/span>\n\t\t\t\t<span class=\"elementor-counter-number\" data-duration=\"2000\" data-to-value=\"11000\" data-from-value=\"0\" data-delimiter=\" \">0<\/span>\n\t\t\t\t<span class=\"elementor-counter-number-suffix\"><\/span>\n\t\t\t<\/div>\n\t\t<\/div>\n\t\t\t\t\t\t<\/div>\n\t\t\t\t<\/div>\n\t\t\t\t\t<\/div>\n\t\t\t\t<\/div>\n\t\t<div class=\"elementor-element elementor-element-062c80c e-flex e-con-boxed e-con e-parent\" data-id=\"062c80c\" data-element_type=\"container\" data-settings=\"{&quot;background_background&quot;:&quot;classic&quot;}\">\n\t\t\t\t\t<div class=\"e-con-inner\">\n\t\t<div class=\"elementor-element elementor-element-4b46157 e-con-full e-flex e-con e-child\" data-id=\"4b46157\" data-element_type=\"container\" data-settings=\"{&quot;background_background&quot;:&quot;classic&quot;}\">\n\t\t\t\t<\/div>\n\t\t<div class=\"elementor-element elementor-element-5266dbd e-con-full e-flex e-con e-child\" data-id=\"5266dbd\" data-element_type=\"container\">\n\t\t\t\t<div class=\"elementor-element elementor-element-61c1a57 elmn-offcl-h3 elementor-widget elementor-widget-heading\" data-id=\"61c1a57\" data-element_type=\"widget\" data-widget_type=\"heading.default\">\n\t\t\t\t<div class=\"elementor-widget-container\">\n\t\t\t\t\t<h4 class=\"elementor-heading-title elementor-size-default\">Notre-Dame Hospital<\/h4>\t\t\t\t<\/div>\n\t\t\t\t<\/div>\n\t\t\t\t<div class=\"elementor-element elementor-element-565e897 elementor-widget elementor-widget-text-editor\" data-id=\"565e897\" data-element_type=\"widget\" data-widget_type=\"text-editor.default\">\n\t\t\t\t<div class=\"elementor-widget-container\">\n\t\t\t\t\t\t\t\t\tThe Notre-Dame Hospital has been in its current location, on Sherbrooke Street across from Lafontaine Park, since 1924.\n\nIn November 2017, it became a community hospital serving the boroughs of Ville-Marie and Le Plateau-Mont-Royal, which represent 140,000 residents and over 600,000 workers, students, and tourists.\n\nIt offers care for every stage of life\u2014from birth to end-of-life\u2014and treats general illnesses and medical conditions. Adopting an inclusive and welcoming approach, the hospital is very active in promoting urban health.\n\t\t\t\t\t\t\t\t<\/div>\n\t\t\t\t<\/div>\n\t\t\t\t<\/div>\n\t\t\t\t\t<\/div>\n\t\t\t\t<\/div>\n\t\t<div class=\"elementor-element elementor-element-776ca76 elmn-main e-flex e-con-boxed e-con e-parent\" data-id=\"776ca76\" data-element_type=\"container\" data-settings=\"{&quot;background_background&quot;:&quot;classic&quot;}\">\n\t\t\t\t\t<div class=\"e-con-inner\">\n\t\t\t\t<div class=\"elementor-element elementor-element-b461d5c elementor-widget elementor-widget-text-editor\" data-id=\"b461d5c\" data-element_type=\"widget\" data-widget_type=\"text-editor.default\">\n\t\t\t\t<div class=\"elementor-widget-container\">\n\t\t\t\t\t\t\t\t\t<h3 style=\"text-align: center;\"><strong>The Notre-Dame Hospital in numbers<\/strong><\/h3>\t\t\t\t\t\t\t\t<\/div>\n\t\t\t\t<\/div>\n\t\t\t\t\t<\/div>\n\t\t\t\t<\/div>\n\t\t<div class=\"elementor-element elementor-element-1736241 elmn-main e-flex e-con-boxed e-con e-parent\" data-id=\"1736241\" data-element_type=\"container\">\n\t\t\t\t\t<div class=\"e-con-inner\">\n\t\t\t\t<div class=\"elementor-element elementor-element-4b5794d elementor-widget__width-initial elementor-widget elementor-widget-counter\" data-id=\"4b5794d\" data-element_type=\"widget\" data-widget_type=\"counter.default\">\n\t\t\t\t<div class=\"elementor-widget-container\">\n\t\t\t\t\t\t\t<div class=\"elementor-counter\">\n\t\t\t<div class=\"elementor-counter-title\">Beds<\/div>\t\t\t<div class=\"elementor-counter-number-wrapper\">\n\t\t\t\t<span class=\"elementor-counter-number-prefix\"><\/span>\n\t\t\t\t<span class=\"elementor-counter-number\" data-duration=\"2000\" data-to-value=\"250\" data-from-value=\"0\" data-delimiter=\",\">0<\/span>\n\t\t\t\t<span class=\"elementor-counter-number-suffix\"><\/span>\n\t\t\t<\/div>\n\t\t<\/div>\n\t\t\t\t\t\t<\/div>\n\t\t\t\t<\/div>\n\t\t\t\t<div class=\"elementor-element elementor-element-91073b9 elementor-widget__width-initial elementor-widget elementor-widget-counter\" data-id=\"91073b9\" data-element_type=\"widget\" data-widget_type=\"counter.default\">\n\t\t\t\t<div class=\"elementor-widget-container\">\n\t\t\t\t\t\t\t<div class=\"elementor-counter\">\n\t\t\t<div class=\"elementor-counter-title\">ER visits per year<\/div>\t\t\t<div class=\"elementor-counter-number-wrapper\">\n\t\t\t\t<span class=\"elementor-counter-number-prefix\"><\/span>\n\t\t\t\t<span class=\"elementor-counter-number\" data-duration=\"2000\" data-to-value=\"34000\" data-from-value=\"0\" data-delimiter=\" \">0<\/span>\n\t\t\t\t<span class=\"elementor-counter-number-suffix\"><\/span>\n\t\t\t<\/div>\n\t\t<\/div>\n\t\t\t\t\t\t<\/div>\n\t\t\t\t<\/div>\n\t\t\t\t<div class=\"elementor-element elementor-element-3fc517c elementor-widget__width-initial elementor-widget elementor-widget-counter\" data-id=\"3fc517c\" data-element_type=\"widget\" data-widget_type=\"counter.default\">\n\t\t\t\t<div class=\"elementor-widget-container\">\n\t\t\t\t\t\t\t<div class=\"elementor-counter\">\n\t\t\t<div class=\"elementor-counter-title\">People hospitalized per year<\/div>\t\t\t<div class=\"elementor-counter-number-wrapper\">\n\t\t\t\t<span class=\"elementor-counter-number-prefix\"><\/span>\n\t\t\t\t<span class=\"elementor-counter-number\" data-duration=\"2000\" data-to-value=\"9000\" data-from-value=\"0\" data-delimiter=\" \">0<\/span>\n\t\t\t\t<span class=\"elementor-counter-number-suffix\"><\/span>\n\t\t\t<\/div>\n\t\t<\/div>\n\t\t\t\t\t\t<\/div>\n\t\t\t\t<\/div>\n\t\t\t\t\t<\/div>\n\t\t\t\t<\/div>\n\t\t<div class=\"elementor-element elementor-element-4076003 e-flex e-con-boxed e-con e-parent\" data-id=\"4076003\" data-element_type=\"container\" data-settings=\"{&quot;background_background&quot;:&quot;classic&quot;}\">\n\t\t\t\t\t<div class=\"e-con-inner\">\n\t\t<div class=\"elementor-element elementor-element-f219947 e-con-full e-flex e-con e-child\" data-id=\"f219947\" data-element_type=\"container\">\n\t\t\t\t<div class=\"elementor-element elementor-element-61036ba elmn-offcl-h3 elementor-widget elementor-widget-heading\" data-id=\"61036ba\" data-element_type=\"widget\" data-widget_type=\"heading.default\">\n\t\t\t\t<div class=\"elementor-widget-container\">\n\t\t\t\t\t<h4 class=\"elementor-heading-title elementor-size-default\">Residential Centres<\/h4>\t\t\t\t<\/div>\n\t\t\t\t<\/div>\n\t\t\t\t<div class=\"elementor-element elementor-element-62bba88 elementor-widget elementor-widget-text-editor\" data-id=\"62bba88\" data-element_type=\"widget\" data-widget_type=\"text-editor.default\">\n\t\t\t\t<div class=\"elementor-widget-container\">\n\t\t\t\t\t\t\t\t\t<p>CHSLDs\u202fare <strong>residential and long-term care centres<\/strong> for individuals who need constant surveillance and specialized care and who can no longer live at home in a safe manner.<\/p><p>The foundation supports projects in the 14 CHSLDs located on the CIUSSS du Centre-Sud-de-l\u2019\u00cele-de-Montr\u00e9al territory. These projects focus on making CHSLDs pleasant and comfortable living environments for the people who reside there.<\/p>\t\t\t\t\t\t\t\t<\/div>\n\t\t\t\t<\/div>\n\t\t\t\t<div class=\"elementor-element elementor-element-fd2f210 elementor-align-center elmn-offcl-btn elementor-widget elementor-widget-button\" data-id=\"fd2f210\" data-element_type=\"widget\" data-widget_type=\"button.default\">\n\t\t\t\t<div class=\"elementor-widget-container\">\n\t\t\t\t\t\t\t\t\t<div class=\"elementor-button-wrapper\">\n\t\t\t\t\t<a class=\"elementor-button elementor-button-link elementor-size-sm elementor-animation-grow\" href=\"#elementor-action%3Aaction%3Dpopup%3Aopen%26settings%3DeyJpZCI6MTE2NDUsInRvZ2dsZSI6ZmFsc2V9\">\n\t\t\t\t\t\t<span class=\"elementor-button-content-wrapper\">\n\t\t\t\t\t\t\t\t\t<span class=\"elementor-button-text\">See our CHSLDs list<\/span>\n\t\t\t\t\t<\/span>\n\t\t\t\t\t<\/a>\n\t\t\t\t<\/div>\n\t\t\t\t\t\t\t\t<\/div>\n\t\t\t\t<\/div>\n\t\t\t\t<\/div>\n\t\t<div class=\"elementor-element elementor-element-411d969 e-con-full e-flex e-con e-child\" data-id=\"411d969\" data-element_type=\"container\" data-settings=\"{&quot;background_background&quot;:&quot;classic&quot;}\">\n\t\t\t\t<\/div>\n\t\t\t\t\t<\/div>\n\t\t\t\t<\/div>\n\t\t<div class=\"elementor-element elementor-element-d985151 e-flex e-con-boxed e-con e-parent\" data-id=\"d985151\" data-element_type=\"container\">\n\t\t\t\t\t<div class=\"e-con-inner\">\n\t\t<div class=\"elementor-element elementor-element-b928a61 e-con-full e-flex e-con e-child\" data-id=\"b928a61\" data-element_type=\"container\">\n\t\t\t\t<div class=\"elementor-element elementor-element-c2ae5b4 elmn-offcl-h3 elementor-widget elementor-widget-heading\" data-id=\"c2ae5b4\" data-element_type=\"widget\" data-widget_type=\"heading.default\">\n\t\t\t\t<div class=\"elementor-widget-container\">\n\t\t\t\t\t<h4 class=\"elementor-heading-title elementor-size-default\">Community Service Centres<\/h4>\t\t\t\t<\/div>\n\t\t\t\t<\/div>\n\t\t\t\t<div class=\"elementor-element elementor-element-9290b7d elementor-widget elementor-widget-text-editor\" data-id=\"9290b7d\" data-element_type=\"widget\" data-widget_type=\"text-editor.default\">\n\t\t\t\t<div class=\"elementor-widget-container\">\n\t\t\t\t\t\t\t\t\t<p>CLSCs are <strong>local community service centres<\/strong> that offer health and social services (e.g., prevention programs in schools, sexual health support for vulnerable individuals, at-home care for older adults, mental health social services, etc.) \u00a0in the centres themselves, but also in schools, workplaces, and in private homes.<\/p><p>Fondation Sant\u00e9 Urbaine supports the 8 CLSCs located on the CIUSSS du Centre-Sud-de-l\u2019\u00cele-de-Montr\u00e9al territory:<\/p><ul><li>CLSC Ste-Catherine (Faubourgs)<\/li><li>CLSC de la Visitation<\/li><li>CLSC Parthenais<\/li><li>CLSC Plateau-Mont-Royal<\/li><li>CLSC Saint-Louis-du-Parc<\/li><li>CLSC de Saint-Henri<\/li><li>CLSC de Verdun (as well as the point of service on Nuns&#8217; Island (\u00cele-des-S\u0153urs))<\/li><li>CLSC de Ville-\u00c9mard<\/li><\/ul>\t\t\t\t\t\t\t\t<\/div>\n\t\t\t\t<\/div>\n\t\t\t\t<\/div>\n\t\t<div class=\"elementor-element elementor-element-6521166 e-con-full e-flex e-con e-child\" data-id=\"6521166\" data-element_type=\"container\" data-settings=\"{&quot;background_background&quot;:&quot;classic&quot;}\">\n\t\t\t\t<\/div>\n\t\t\t\t\t<\/div>\n\t\t\t\t<\/div>\n\t\t<div class=\"elementor-element elementor-element-5e1cbff e-flex e-con-boxed e-con e-parent\" data-id=\"5e1cbff\" data-element_type=\"container\" data-settings=\"{&quot;background_background&quot;:&quot;classic&quot;}\">\n\t\t\t\t\t<div class=\"e-con-inner\">\n\t\t\t\t<div class=\"elementor-element elementor-element-9faa5d4 elmn-offcl-h3 elementor-widget elementor-widget-heading\" data-id=\"9faa5d4\" data-element_type=\"widget\" data-widget_type=\"heading.default\">\n\t\t\t\t<div class=\"elementor-widget-container\">\n\t\t\t\t\t<h4 class=\"elementor-heading-title elementor-size-default\">The CIUSSS du Centre-Sud-de-l\u2019\u00cele-de-Montr\u00e9al<\/h4>\t\t\t\t<\/div>\n\t\t\t\t<\/div>\n\t\t\t\t<div class=\"elementor-element elementor-element-047e159 elementor-widget elementor-widget-text-editor\" data-id=\"047e159\" data-element_type=\"widget\" data-widget_type=\"text-editor.default\">\n\t\t\t\t<div class=\"elementor-widget-container\">\n\t\t\t\t\t\t\t\t\t<p>The CIUSSS du Centre-Sud-de-l\u2019\u00cele-de-Montr\u00e9al is a government organization that provides health and social services to the Centre-Sud-de-l\u2019\u00cele-de-Montr\u00e9al\u00a0neighbourhood, from birth to end-of-life.<\/p><p>It offers a wide range of services to a population of over 422,000 people and employs over 23,000 health-care professionals and social workers. Its goal is to provide high-quality patient- and family-centred services in partnership with local communities.<\/p><p>The CIUSSS du Centre-Sud-de-l\u2019\u00cele-de-Montr\u00e9al sets itself apart through its innovative and effective health-care and social service initiatives and its leadership in social innovation.\u00a0<\/p>\t\t\t\t\t\t\t\t<\/div>\n\t\t\t\t<\/div>\n\t\t\t\t<div class=\"elementor-element elementor-element-7c44935 elementor-align-center elmn-offcl-btn elementor-widget elementor-widget-button\" data-id=\"7c44935\" data-element_type=\"widget\" data-widget_type=\"button.default\">\n\t\t\t\t<div class=\"elementor-widget-container\">\n\t\t\t\t\t\t\t\t\t<div class=\"elementor-button-wrapper\">\n\t\t\t\t\t<a class=\"elementor-button elementor-button-link elementor-size-sm elementor-animation-grow\" href=\"https:\/\/ciusss-centresudmtl.gouv.qc.ca\/soins-et-services\" target=\"_blank\">\n\t\t\t\t\t\t<span class=\"elementor-button-content-wrapper\">\n\t\t\t\t\t\t\t\t\t<span class=\"elementor-button-text\">Go to the CIUSSS website<\/span>\n\t\t\t\t\t<\/span>\n\t\t\t\t\t<\/a>\n\t\t\t\t<\/div>\n\t\t\t\t\t\t\t\t<\/div>\n\t\t\t\t<\/div>\n\t\t\t\t\t<\/div>\n\t\t\t\t<\/div>\n\t\t\t\t<\/div>\n\t\t","protected":false},"excerpt":{"rendered":"<p>Foundation-Supported Hospitals and Centres We are proud of our widespread presence in the community, which covers 2 hospitals, 8 local community services centres (CLSCs), and 14 residential and long-term care centres (CHSLDs). This variety and reach is what sets us apart and allows us to have a substantial impact on the health and well-being of [&hellip;]<\/p>\n","protected":false},"author":14,"featured_media":11431,"parent":11593,"menu_order":0,"comment_status":"closed","ping_status":"closed","template":"","meta":{"footnotes":""},"class_list":["post-11597","page","type-page","status-publish","has-post-thumbnail","hentry"],"aioseo_notices":[],"_links":{"self":[{"href":"https:\/\/fondationsanteurbaine.com\/en\/wp-json\/wp\/v2\/pages\/11597","targetHints":{"allow":["GET"]}}],"collection":[{"href":"https:\/\/fondationsanteurbaine.com\/en\/wp-json\/wp\/v2\/pages"}],"about":[{"href":"https:\/\/fondationsanteurbaine.com\/en\/wp-json\/wp\/v2\/types\/page"}],"author":[{"embeddable":true,"href":"https:\/\/fondationsanteurbaine.com\/en\/wp-json\/wp\/v2\/users\/14"}],"replies":[{"embeddable":true,"href":"https:\/\/fondationsanteurbaine.com\/en\/wp-json\/wp\/v2\/comments?post=11597"}],"version-history":[{"count":0,"href":"https:\/\/fondationsanteurbaine.com\/en\/wp-json\/wp\/v2\/pages\/11597\/revisions"}],"up":[{"embeddable":true,"href":"https:\/\/fondationsanteurbaine.com\/en\/wp-json\/wp\/v2\/pages\/11593"}],"wp:featuredmedia":[{"embeddable":true,"href":"https:\/\/fondationsanteurbaine.com\/en\/wp-json\/wp\/v2\/media\/11431"}],"wp:attachment":[{"href":"https:\/\/fondationsanteurbaine.com\/en\/wp-json\/wp\/v2\/media?parent=11597"}],"curies":[{"name":"wp","href":"https:\/\/api.w.org\/{rel}","templated":true}]}}