{"id":11610,"date":"2024-09-13T10:12:57","date_gmt":"2024-09-13T14:12:57","guid":{"rendered":"https:\/\/fondationsanteurbaine.com\/politique-sur-les-cookies\/"},"modified":"2025-07-30T13:15:11","modified_gmt":"2025-07-30T17:15:11","slug":"cookie-policy","status":"publish","type":"page","link":"https:\/\/fondationsanteurbaine.com\/en\/cookie-policy\/","title":{"rendered":"Cookie Policy"},"content":{"rendered":"\t\t<div data-elementor-type=\"wp-page\" data-elementor-id=\"11610\" class=\"elementor elementor-11610 elementor-10402\" data-elementor-post-type=\"page\">\n\t\t\t\t<div class=\"elementor-element elementor-element-982e52f e-flex e-con-boxed e-con e-parent\" data-id=\"982e52f\" data-element_type=\"container\">\n\t\t\t\t\t<div class=\"e-con-inner\">\n\t\t<div class=\"elementor-element elementor-element-818868a e-con-full e-flex e-con e-child\" data-id=\"818868a\" data-element_type=\"container\">\n\t\t\t\t<div class=\"elementor-element elementor-element-a10391d elmn-offcl-h2 elementor-widget elementor-widget-heading\" data-id=\"a10391d\" data-element_type=\"widget\" data-widget_type=\"heading.default\">\n\t\t\t\t<div class=\"elementor-widget-container\">\n\t\t\t\t\t<h2 class=\"elementor-heading-title elementor-size-default\">Cookie Policy<\/h2>\t\t\t\t<\/div>\n\t\t\t\t<\/div>\n\t\t\t\t<div class=\"elementor-element elementor-element-22a1b0d elementor-widget elementor-widget-text-editor\" data-id=\"22a1b0d\" data-element_type=\"widget\" data-widget_type=\"text-editor.default\">\n\t\t\t\t<div class=\"elementor-widget-container\">\n\t\t\t\t\t\t\t\t\t<h4 style=\"margin-top: 10px; margin-bottom: 5px;\">Qu\u2019est-ce qu\u2019un t\u00e9moin ?<\/h4>\n<p>Un t\u00e9moin est un fichier texte stock\u00e9 par votre navigateur lors de votre visite. Il permet de vous reconna\u00eetre \u00e0 chaque visite, de vous garder connect\u00e9.e, et de vous faire profiter de toutes les fonctionnalit\u00e9s du site.<\/p>\n<p>Les t\u00e9moins ne contiennent que quelques caract\u00e8res de texte non nominatifs stock\u00e9s dans votre navigateur, et ne sont pas des fichiers ex\u00e9cutables : ils ne peuvent pas h\u00e9berger de logiciels malveillants ni de virus.<\/p>\n<p>De plus, le site Web de la Fondation Sant\u00e9 Urbaine n\u2019affiche aucune publicit\u00e9, et ne proc\u00e8de \u00e0 aucun suivi publicitaire de la part d\u2019un tiers ou d\u2019un r\u00e9seau social.<\/p>\n<p>Nous utilisons des t\u00e9moins uniquement dans le but d\u2019am\u00e9liorer l\u2019exp\u00e9rience utilisateur.trice et la mani\u00e8re dont les contenus vous sont pr\u00e9sent\u00e9s, en analysant la mani\u00e8re dont vous utilisez notre site de page en page.<\/p>\n<h4 style=\"margin-top: 10px; margin-bottom: 5px;\">G\u00e9rer les t\u00e9moins dans mon navigateur<\/h4>\n<p>Quel que soit votre navigateur, vous pouvez y param\u00e9trer l\u2019utilisation des t\u00e9moins, les supprimer ou les refuser tous par d\u00e9faut. Voici les t\u00e9moins pouvant \u00eatre utilis\u00e9s sur notre site Web.<\/p>\n<h4 style=\"margin-top: 10px; margin-bottom: 5px;\">T\u00e9moins n\u00e9cessaires<\/h4>\n<p>Les t\u00e9moins n\u00e9cessaires sont cruciaux pour les fonctions de base du site web et celui-ci ne fonctionnera pas comme pr\u00e9vu sans eux. Ces t\u00e9moins ne stockent aucune donn\u00e9e personnelle identifiable.<\/p>\n<h4 style=\"margin-top: 10px; margin-bottom: 5px;\">T\u00e9moins fonctionnels<\/h4>\n<p>Les t\u00e9moins fonctionnels permettent d\u2019ex\u00e9cuter certaines fonctionnalit\u00e9s telles que le partage du contenu du site web sur des plateformes de m\u00e9dias sociaux, la collecte de commentaires et d\u2019autres fonctionnalit\u00e9s tierces.<\/p>\n<h4 style=\"margin-top: 10px; margin-bottom: 5px;\">T\u00e9moins analytiques<\/h4>\n<p>Les t\u00e9moins analytiques sont utilis\u00e9s pour comprendre comment les visiteurs interagissent avec notre site Web. Ces t\u00e9moins aident \u00e0 fournir des informations sur le nombre de visiteurs, le taux de rebond, la source de trafic, etc. Notre site utilise Google Analytics pour analyser et comprendre l\u2019interaction des visiteurs. Google Analytics utilise des t\u00e9moins pour g\u00e9n\u00e9rer des rapports statistiques.<\/p>\n<h4 style=\"margin-top: 10px; margin-bottom: 5px;\">T\u00e9moins de performance<\/h4>\n<p>Les t\u00e9moins de performance sont utilis\u00e9s pour comprendre et analyser les indices de performance cl\u00e9s du site Web, ce qui permet de fournir une meilleure exp\u00e9rience utilisateur aux visiteurs.<\/p>\n\t\t\t\t\t\t\t\t<\/div>\n\t\t\t\t<\/div>\n\t\t\t\t<\/div>\n\t\t\t\t\t<\/div>\n\t\t\t\t<\/div>\n\t\t<div class=\"elementor-element elementor-element-cec79d8 e-flex e-con-boxed e-con e-parent\" data-id=\"cec79d8\" data-element_type=\"container\">\n\t\t\t\t\t<div class=\"e-con-inner\">\n\t\t<div class=\"elementor-element elementor-element-96aa1ea e-con-full e-flex e-con e-child\" data-id=\"96aa1ea\" data-element_type=\"container\">\n\t\t\t\t<div class=\"elementor-element elementor-element-4a930ef elementor-widget elementor-widget-text-editor\" data-id=\"4a930ef\" data-element_type=\"widget\" data-widget_type=\"text-editor.default\">\n\t\t\t\t<div class=\"elementor-widget-container\">\n\t\t\t\t\t\t\t\t\t<h3>Nous contacter :<\/h3>\n<p>Pour toute question ou information compl\u00e9mentaire relative \u00e0 la pr\u00e9sente Politique en mati\u00e8re de t\u00e9moins (\u00ab cookies \u00bb), veuillez \u00e9crire \u00e0 <a href=\"mailto:info@fondationsanteurbaine.com\">info@fondationsanteurbaine.com<\/a> avec en objet \u201cPolitique relative aux t\u00e9moins\u201d ou communiquer avec notre Responsable<br \/>de la protection des renseignements personnels par t\u00e9l\u00e9phone au 514 765-7302.<\/p>\n<p>Vous pouvez \u00e9galement nous adresser un courrier par la poste \u00e0 :<\/p>\n<p>Fondation Sant\u00e9 Urbaine<br \/>1560 rue Sherbrooke E, bur. F1123<br \/>Montr\u00e9al, QC, H2L 4M1<br \/>info@fondationsanteurbaine.com<\/p>\n\t\t\t\t\t\t\t\t<\/div>\n\t\t\t\t<\/div>\n\t\t\t\t<\/div>\n\t\t\t\t\t<\/div>\n\t\t\t\t<\/div>\n\t\t\t\t<\/div>\n\t\t","protected":false},"excerpt":{"rendered":"<p>Cookie Policy Qu\u2019est-ce qu\u2019un t\u00e9moin ? Un t\u00e9moin est un fichier texte stock\u00e9 par votre navigateur lors de votre visite. Il permet de vous reconna\u00eetre \u00e0 chaque visite, de vous garder connect\u00e9.e, et de vous faire profiter de toutes les fonctionnalit\u00e9s du site. Les t\u00e9moins ne contiennent que quelques caract\u00e8res de texte non nominatifs stock\u00e9s [&hellip;]<\/p>\n","protected":false},"author":14,"featured_media":0,"parent":0,"menu_order":0,"comment_status":"closed","ping_status":"closed","template":"","meta":{"footnotes":""},"class_list":["post-11610","page","type-page","status-publish","hentry"],"aioseo_notices":[],"_links":{"self":[{"href":"https:\/\/fondationsanteurbaine.com\/en\/wp-json\/wp\/v2\/pages\/11610","targetHints":{"allow":["GET"]}}],"collection":[{"href":"https:\/\/fondationsanteurbaine.com\/en\/wp-json\/wp\/v2\/pages"}],"about":[{"href":"https:\/\/fondationsanteurbaine.com\/en\/wp-json\/wp\/v2\/types\/page"}],"author":[{"embeddable":true,"href":"https:\/\/fondationsanteurbaine.com\/en\/wp-json\/wp\/v2\/users\/14"}],"replies":[{"embeddable":true,"href":"https:\/\/fondationsanteurbaine.com\/en\/wp-json\/wp\/v2\/comments?post=11610"}],"version-history":[{"count":0,"href":"https:\/\/fondationsanteurbaine.com\/en\/wp-json\/wp\/v2\/pages\/11610\/revisions"}],"wp:attachment":[{"href":"https:\/\/fondationsanteurbaine.com\/en\/wp-json\/wp\/v2\/media?parent=11610"}],"curies":[{"name":"wp","href":"https:\/\/api.w.org\/{rel}","templated":true}]}}