{"id":13549,"date":"2025-08-18T14:15:32","date_gmt":"2025-08-18T18:15:32","guid":{"rendered":"https:\/\/fondationsanteurbaine.com\/impact-report\/rapport-dimpact-le-bal\/"},"modified":"2025-08-29T11:49:24","modified_gmt":"2025-08-29T15:49:24","slug":"impact-report-the-ball","status":"publish","type":"page","link":"https:\/\/fondationsanteurbaine.com\/en\/impact-report\/impact-report-the-ball\/","title":{"rendered":"Impact report &#8211; The Ball"},"content":{"rendered":"\t\t<div data-elementor-type=\"wp-page\" data-elementor-id=\"13549\" class=\"elementor elementor-13549 elementor-13473\" data-elementor-post-type=\"page\">\n\t\t\t\t<div class=\"elementor-element elementor-element-0216934 e-flex e-con-boxed e-con e-parent\" data-id=\"0216934\" data-element_type=\"container\" data-settings=\"{&quot;background_background&quot;:&quot;classic&quot;}\">\n\t\t\t\t\t<div class=\"e-con-inner\">\n\t\t\t\t<div class=\"elementor-element elementor-element-17d59a2 elmn-offcl-h2 elementor-invisible elementor-widget elementor-widget-heading\" data-id=\"17d59a2\" data-element_type=\"widget\" data-settings=\"{&quot;_animation&quot;:&quot;fadeInLeft&quot;}\" data-widget_type=\"heading.default\">\n\t\t\t\t<div class=\"elementor-widget-container\">\n\t\t\t\t\t<h2 class=\"elementor-heading-title elementor-size-default\">2024 Impact report<\/h2>\t\t\t\t<\/div>\n\t\t\t\t<\/div>\n\t\t\t\t\t<\/div>\n\t\t\t\t<\/div>\n\t\t<div class=\"elementor-element elementor-element-58610ba e-flex e-con-boxed e-con e-parent\" data-id=\"58610ba\" data-element_type=\"container\" id=\"Bal\" data-settings=\"{&quot;background_background&quot;:&quot;classic&quot;}\">\n\t\t\t\t\t<div class=\"e-con-inner\">\n\t\t\t\t<div class=\"elementor-element elementor-element-f2cdc56 elmn-offcl-h2 elementor-widget elementor-widget-heading\" data-id=\"f2cdc56\" data-element_type=\"widget\" data-widget_type=\"heading.default\">\n\t\t\t\t<div class=\"elementor-widget-container\">\n\t\t\t\t\t<h2 class=\"elementor-heading-title elementor-size-default\">The Fondation Sant\u00e9 Urbaine Bal: A Success Like No Other<\/h2>\t\t\t\t<\/div>\n\t\t\t\t<\/div>\n\t\t<div class=\"elementor-element elementor-element-ec4f6f7 e-con-full e-flex e-con e-child\" data-id=\"ec4f6f7\" data-element_type=\"container\">\n\t\t\t\t<div class=\"elementor-element elementor-element-c177981 elementor-widget-tablet__width-inherit elementor-widget elementor-widget-text-editor\" data-id=\"c177981\" data-element_type=\"widget\" data-widget_type=\"text-editor.default\">\n\t\t\t\t<div class=\"elementor-widget-container\">\n\t\t\t\t\t\t\t\t\t<p>On May 9, 2024, more than 300 people celebrated health at the Fondation Sant\u00e9 Urbaine Bal presented by Sun Life, which was held at the gorgeous Salon Richmond.<\/p><p>The ambiance was festive, emotions ran high, and generosity was plentiful.<br \/>An evening of \u201cguilty pleasures,\u201d the Bal was presided over with heart by Sun Life Quebec President and CEO Robert Dumas, and brilliantly hosted by actor Hugo Dub\u00e9. The event raised a record<strong> $250,000 to support the foundation\u2019s major projects<\/strong>.<\/p><p>The evening\u2019s success was made possible thanks to the exceptional mobilization of our philanthropic community and our partners, Cofomo, Otsuka Canada, and ITI.<\/p>\t\t\t\t\t\t\t\t<\/div>\n\t\t\t\t<\/div>\n\t\t\t\t<div class=\"elementor-element elementor-element-09b77df elementor-align-center elmn-offcl-btn elementor-widget elementor-widget-button\" data-id=\"09b77df\" data-element_type=\"widget\" data-widget_type=\"button.default\">\n\t\t\t\t<div class=\"elementor-widget-container\">\n\t\t\t\t\t\t\t\t\t<div class=\"elementor-button-wrapper\">\n\t\t\t\t\t<a class=\"elementor-button elementor-button-link elementor-size-sm elementor-animation-grow\" href=\"https:\/\/fondationsanteurbaine.com\/en\/events\/ball\/\" target=\"_blank\">\n\t\t\t\t\t\t<span class=\"elementor-button-content-wrapper\">\n\t\t\t\t\t\t\t\t\t<span class=\"elementor-button-text\">Find out more<\/span>\n\t\t\t\t\t<\/span>\n\t\t\t\t\t<\/a>\n\t\t\t\t<\/div>\n\t\t\t\t\t\t\t\t<\/div>\n\t\t\t\t<\/div>\n\t\t\t\t<\/div>\n\t\t\t\t<div class=\"elementor-element elementor-element-086a541 elementor-widget__width-initial elementor-widget-tablet__width-inherit elementor-widget elementor-widget-image-carousel\" data-id=\"086a541\" data-element_type=\"widget\" data-settings=\"{&quot;slides_to_show&quot;:&quot;1&quot;,&quot;navigation&quot;:&quot;none&quot;,&quot;autoplay&quot;:&quot;yes&quot;,&quot;pause_on_hover&quot;:&quot;yes&quot;,&quot;pause_on_interaction&quot;:&quot;yes&quot;,&quot;autoplay_speed&quot;:5000,&quot;infinite&quot;:&quot;yes&quot;,&quot;effect&quot;:&quot;slide&quot;,&quot;speed&quot;:500}\" data-widget_type=\"image-carousel.default\">\n\t\t\t\t<div class=\"elementor-widget-container\">\n\t\t\t\t\t\t\t<div class=\"elementor-image-carousel-wrapper swiper\" role=\"region\" aria-roledescription=\"carousel\" aria-label=\"Carrousel d\u2019images\" dir=\"ltr\">\n\t\t\t<div class=\"elementor-image-carousel swiper-wrapper\" aria-live=\"off\">\n\t\t\t\t\t\t\t\t<div class=\"swiper-slide\" role=\"group\" aria-roledescription=\"slide\" aria-label=\"1 of 6\"><figure class=\"swiper-slide-inner\"><img decoding=\"async\" class=\"swiper-slide-image\" src=\"https:\/\/fondationsanteurbaine.com\/wp-content\/uploads\/2024\/05\/20240514_BalFondation-5.jpg\" alt=\"20240514_BalFondation (5)\" \/><\/figure><\/div><div class=\"swiper-slide\" role=\"group\" aria-roledescription=\"slide\" aria-label=\"2 of 6\"><figure class=\"swiper-slide-inner\"><img decoding=\"async\" class=\"swiper-slide-image\" src=\"https:\/\/fondationsanteurbaine.com\/wp-content\/uploads\/2024\/05\/20240514_BalFondation-4.jpg\" alt=\"20240514_BalFondation (4)\" \/><\/figure><\/div><div class=\"swiper-slide\" role=\"group\" aria-roledescription=\"slide\" aria-label=\"3 of 6\"><figure class=\"swiper-slide-inner\"><img decoding=\"async\" class=\"swiper-slide-image\" src=\"https:\/\/fondationsanteurbaine.com\/wp-content\/uploads\/2024\/05\/20240514_BalFondation.jpg\" alt=\"20240514_BalFondation\" \/><\/figure><\/div><div class=\"swiper-slide\" role=\"group\" aria-roledescription=\"slide\" aria-label=\"4 of 6\"><figure class=\"swiper-slide-inner\"><img decoding=\"async\" class=\"swiper-slide-image\" src=\"https:\/\/fondationsanteurbaine.com\/wp-content\/uploads\/2024\/05\/20240514_BalFondation-2.jpg\" alt=\"20240514_BalFondation (2)\" \/><\/figure><\/div><div class=\"swiper-slide\" role=\"group\" aria-roledescription=\"slide\" aria-label=\"5 of 6\"><figure class=\"swiper-slide-inner\"><img decoding=\"async\" class=\"swiper-slide-image\" src=\"https:\/\/fondationsanteurbaine.com\/wp-content\/uploads\/2024\/05\/20240514_BalFondation-1.jpg\" alt=\"Quel bonheur d\u2019avoir pu constater la joie et la bonne humeur des centaines de personnes venues pour c\u00e9l\u00e9brer tout en soutenant une belle cause. Charles Lasnier, gouverneur de la Fondation, Dr Thom\u00e9 et Marie-Andr\u00e9e Lefebvre\" \/><\/figure><\/div><div class=\"swiper-slide\" role=\"group\" aria-roledescription=\"slide\" aria-label=\"6 of 6\"><figure class=\"swiper-slide-inner\"><img decoding=\"async\" class=\"swiper-slide-image\" src=\"https:\/\/fondationsanteurbaine.com\/wp-content\/uploads\/2024\/05\/20240514_BalFondation-3.jpg\" alt=\"20240514_BalFondation (3)\" \/><\/figure><\/div>\t\t\t<\/div>\n\t\t\t\t\t\t\t\n\t\t\t\t\t\t\t\t\t<\/div>\n\t\t\t\t\t\t<\/div>\n\t\t\t\t<\/div>\n\t\t\t\t\t<\/div>\n\t\t\t\t<\/div>\n\t\t\t\t<\/div>\n\t\t","protected":false},"excerpt":{"rendered":"<p>2024 Impact report The Fondation Sant\u00e9 Urbaine Bal: A Success Like No Other On May 9, 2024, more than 300 people celebrated health at the Fondation Sant\u00e9 Urbaine Bal presented by Sun Life, which was held at the gorgeous Salon Richmond. The ambiance was festive, emotions ran high, and generosity was plentiful.An evening of \u201cguilty [&hellip;]<\/p>\n","protected":false},"author":14,"featured_media":11460,"parent":13545,"menu_order":0,"comment_status":"closed","ping_status":"closed","template":"","meta":{"footnotes":""},"class_list":["post-13549","page","type-page","status-publish","has-post-thumbnail","hentry"],"aioseo_notices":[],"_links":{"self":[{"href":"https:\/\/fondationsanteurbaine.com\/en\/wp-json\/wp\/v2\/pages\/13549","targetHints":{"allow":["GET"]}}],"collection":[{"href":"https:\/\/fondationsanteurbaine.com\/en\/wp-json\/wp\/v2\/pages"}],"about":[{"href":"https:\/\/fondationsanteurbaine.com\/en\/wp-json\/wp\/v2\/types\/page"}],"author":[{"embeddable":true,"href":"https:\/\/fondationsanteurbaine.com\/en\/wp-json\/wp\/v2\/users\/14"}],"replies":[{"embeddable":true,"href":"https:\/\/fondationsanteurbaine.com\/en\/wp-json\/wp\/v2\/comments?post=13549"}],"version-history":[{"count":0,"href":"https:\/\/fondationsanteurbaine.com\/en\/wp-json\/wp\/v2\/pages\/13549\/revisions"}],"up":[{"embeddable":true,"href":"https:\/\/fondationsanteurbaine.com\/en\/wp-json\/wp\/v2\/pages\/13545"}],"wp:featuredmedia":[{"embeddable":true,"href":"https:\/\/fondationsanteurbaine.com\/en\/wp-json\/wp\/v2\/media\/11460"}],"wp:attachment":[{"href":"https:\/\/fondationsanteurbaine.com\/en\/wp-json\/wp\/v2\/media?parent=13549"}],"curies":[{"name":"wp","href":"https:\/\/api.w.org\/{rel}","templated":true}]}}