{"id":13568,"date":"2025-09-08T11:06:05","date_gmt":"2025-09-08T15:06:05","guid":{"rendered":"https:\/\/fondationsanteurbaine.com\/?page_id=13568"},"modified":"2025-10-10T13:43:00","modified_gmt":"2025-10-10T17:43:00","slug":"application-for-the-2025-fsu-presidency","status":"publish","type":"page","link":"https:\/\/fondationsanteurbaine.com\/en\/application-for-the-2025-fsu-presidency\/","title":{"rendered":"Application for the 2025 FSU Presidency"},"content":{"rendered":"\t\t<div data-elementor-type=\"wp-page\" data-elementor-id=\"13568\" class=\"elementor elementor-13568 elementor-13567\" data-elementor-post-type=\"page\">\n\t\t\t\t<div class=\"elementor-element elementor-element-d5fd676 e-flex e-con-boxed e-con e-parent\" data-id=\"d5fd676\" data-element_type=\"container\" data-settings=\"{&quot;background_background&quot;:&quot;classic&quot;}\">\n\t\t\t\t\t<div class=\"e-con-inner\">\n\t\t\t\t<div class=\"elementor-element elementor-element-1904b8fa elmn-offcl-h2 elementor-widget elementor-widget-heading\" data-id=\"1904b8fa\" data-element_type=\"widget\" data-widget_type=\"heading.default\">\n\t\t\t\t<div class=\"elementor-widget-container\">\n\t\t\t\t\t<h1 class=\"elementor-heading-title elementor-size-default\">Join the Fondation Sant\u00e9 Urbaine<\/h1>\t\t\t\t<\/div>\n\t\t\t\t<\/div>\n\t\t\t\t\t<\/div>\n\t\t\t\t<\/div>\n\t\t<div class=\"elementor-element elementor-element-e754df4 e-flex e-con-boxed e-con e-parent\" data-id=\"e754df4\" data-element_type=\"container\" data-settings=\"{&quot;background_background&quot;:&quot;classic&quot;}\">\n\t\t\t\t\t<div class=\"e-con-inner\">\n\t\t\t\t<div class=\"elementor-element elementor-element-b4dc819 elementor-widget elementor-widget-text-editor\" data-id=\"b4dc819\" data-element_type=\"widget\" data-widget_type=\"text-editor.default\">\n\t\t\t\t<div class=\"elementor-widget-container\">\n\t\t\t\t\t\t\t\t\t<p>Do you want to have a positive impact on the CIUSSS du Centre-Sud-de-l\u2019\u00cele-de-Montr\u00e9al community from birth to end of life?<\/p><p>Join the Fondation Sant\u00e9 Urbaine team!<\/p>\t\t\t\t\t\t\t\t<\/div>\n\t\t\t\t<\/div>\n\t\t\t\t\t<\/div>\n\t\t\t\t<\/div>\n\t\t<div class=\"elementor-element elementor-element-e3d4338 e-flex e-con-boxed e-con e-parent\" data-id=\"e3d4338\" data-element_type=\"container\" data-settings=\"{&quot;background_background&quot;:&quot;classic&quot;}\">\n\t\t\t\t\t<div class=\"e-con-inner\">\n\t\t\t\t<div class=\"elementor-element elementor-element-4e2f000 elmn-offcl-h2 elementor-widget elementor-widget-heading\" data-id=\"4e2f000\" data-element_type=\"widget\" data-widget_type=\"heading.default\">\n\t\t\t\t<div class=\"elementor-widget-container\">\n\t\t\t\t\t<h2 class=\"elementor-heading-title elementor-size-default\">Positions available\n<\/h2>\t\t\t\t<\/div>\n\t\t\t\t<\/div>\n\t\t\t\t<div class=\"elementor-element elementor-element-af08ad1 elementor-widget elementor-widget-text-editor\" data-id=\"af08ad1\" data-element_type=\"widget\" data-widget_type=\"text-editor.default\">\n\t\t\t\t<div class=\"elementor-widget-container\">\n\t\t\t\t\t\t\t\t\t<p>All our positions are filled! Thank you for your interest!<\/p><p>Do you still want to send us your spontaneous application? Write to <a href=\"mailto:info@fondationsanteurbaine.com\">info@fondationsanteurbaine.com<\/a>.<\/p>\t\t\t\t\t\t\t\t<\/div>\n\t\t\t\t<\/div>\n\t\t\t\t<div class=\"elementor-element elementor-element-3d475db elementor-hidden-desktop elementor-hidden-tablet elementor-hidden-mobile elementor-widget elementor-widget-accordion\" data-id=\"3d475db\" data-element_type=\"widget\" data-widget_type=\"accordion.default\">\n\t\t\t\t<div class=\"elementor-widget-container\">\n\t\t\t\t\t\t\t<div class=\"elementor-accordion\">\n\t\t\t\t\t\t\t<div class=\"elementor-accordion-item\">\n\t\t\t\t\t<div id=\"elementor-tab-title-6421\" class=\"elementor-tab-title\" data-tab=\"1\" role=\"button\" aria-controls=\"elementor-tab-content-6421\" aria-expanded=\"false\">\n\t\t\t\t\t\t\t\t\t\t\t\t\t<span class=\"elementor-accordion-icon elementor-accordion-icon-left\" aria-hidden=\"true\">\n\t\t\t\t\t\t\t\t\t\t\t\t\t\t\t<span class=\"elementor-accordion-icon-closed\"><svg class=\"e-font-icon-svg e-fas-plus\" viewBox=\"0 0 448 512\" xmlns=\"http:\/\/www.w3.org\/2000\/svg\"><path d=\"M416 208H272V64c0-17.67-14.33-32-32-32h-32c-17.67 0-32 14.33-32 32v144H32c-17.67 0-32 14.33-32 32v32c0 17.67 14.33 32 32 32h144v144c0 17.67 14.33 32 32 32h32c17.67 0 32-14.33 32-32V304h144c17.67 0 32-14.33 32-32v-32c0-17.67-14.33-32-32-32z\"><\/path><\/svg><\/span>\n\t\t\t\t\t\t\t\t<span class=\"elementor-accordion-icon-opened\"><svg class=\"e-font-icon-svg e-fas-minus\" viewBox=\"0 0 448 512\" xmlns=\"http:\/\/www.w3.org\/2000\/svg\"><path d=\"M416 208H32c-17.67 0-32 14.33-32 32v32c0 17.67 14.33 32 32 32h384c17.67 0 32-14.33 32-32v-32c0-17.67-14.33-32-32-32z\"><\/path><\/svg><\/span>\n\t\t\t\t\t\t\t\t\t\t\t\t\t\t<\/span>\n\t\t\t\t\t\t\t\t\t\t\t\t<a class=\"elementor-accordion-title\" tabindex=\"0\">Communications and Events Advisor \u2013 Maternity Leave Replacement<\/a>\n\t\t\t\t\t<\/div>\n\t\t\t\t\t<div id=\"elementor-tab-content-6421\" class=\"elementor-tab-content elementor-clearfix\" data-tab=\"1\" role=\"region\" aria-labelledby=\"elementor-tab-title-6421\"><h3><strong>Mission and Context<\/strong><\/h3><p>At Fondation Sant\u00e9 Urbaine, we work to improve care from birth to end of life at Verdun Hospital, Notre-Dame Hospital, as well as in eight CLSCs and fourteen CHSLDs in Montreal\u2019s Centre-Sud area.<\/p><p>We are a small but growing team, and today we are looking for a versatile, rigorous, resourceful, and creative person to join us as Communications and Events Officer.<\/p><h4><strong>Strategic Leadership:<\/strong><\/h4><ul><li>Varied and stimulating tasks within a multidisciplinary team where you will be called upon to contribute to both operational and strategic projects.<\/li><li>A high level of autonomy to enhance the visibility of the Foundation across a wide range of digital and traditional channels.<\/li><li>A very collegial structure where every idea matters and creativity is strongly encouraged.<\/li><li>Competitive compensation conditions as well as a healthy work-life balance.<\/li><li>The opportunity to work with a passionate, dynamic, and dedicated team, within a growing Foundation!<\/li><\/ul><h4><strong>Nature of the Contribution<\/strong><\/h4><h5><strong><span style=\"color: #881b10;\">Main Responsibilities | Communications (40%)<\/span><\/strong><\/h5><ul><li>Manage the website and digital content.<\/li><li>Oversee the weekly management of the editorial calendar.<\/li><li>Improve our presence on social media and maximize audience engagement.<\/li><li>Contribute to internal and external communications as needed.<\/li><li>Coordinate Mailchimp mailings (list management, email creation, performance tracking).<\/li><li>Collaborate on communications and the Foundation\u2019s visibility within the CIUSSS.<\/li><li>Participate in developing new fundraising strategies and initiatives, and contribute to annual campaigns as well as relationship marketing.<\/li><li>Support advertising efforts, especially digital.<\/li><li>Create reports and performance dashboards and contribute to business analysis.<\/li><\/ul><h5><span style=\"color: #881b10;\"><strong>Main Responsibilities | Events (40%)<\/strong><\/span><\/h5><ul><li>Contribute to the organization of the Foundation\u2019s events (fundraising, recognition, launches, etc.).<\/li><li>Take part in brainstorming sessions, supplier research, and the creation of communication and solicitation tools.<\/li><li>Ensure sponsorship activation follow-ups.<\/li><li>Produce reports and performance dashboards.<\/li><\/ul><h5><span style=\"color: #881b10;\"><strong>Main Responsibilities | Digital Support (20%)<\/strong><\/span><\/h5><ul><li>Master the database and prepare mailing lists for communications.<\/li><li>Create donation forms.<\/li><li>Manage the Foundation\u2019s M365 account (security, quarantined messages, license management).<\/li><li>Recommend continuous improvements to optimize our tools.<\/li><\/ul><h4><strong>Desired Profile<\/strong><\/h4><p>You have strong organizational skills. You are curious, rigorous, resourceful, and able to maintain a positive attitude in a changing environment. You are not afraid of \u201cany other related duties\u201d and enjoy juggling diverse priorities. You value teamwork, collaboration, and know how to foster authentic and positive human relationships.<\/p><p>You are known for your agility and resourcefulness: you can switch from digital analysis to coordinating an event, then to providing technical support to a colleague, all with the same enthusiasm.<\/p><p>We are also open to non-linear backgrounds: your career path may be atypical, hybrid, or self-taught\u2014what matters is your versatility, competence, and attitude!<\/p><h4><strong>Requirements<\/strong><\/h4><ul><li>Hold a bachelor\u2019s degree in communications, marketing, or an equivalent combination of education and experience.<\/li><li>Minimum of 3 years of experience in a similar role, in a company or philanthropic setting.<\/li><li>Mastery of digital tools: WordPress (Elementor), Mailchimp, M365, Google Analytics.<\/li><li>Good knowledge of Raiser\u2019s Edge NXT.<\/li><li>Excellent command of French and good knowledge of English.<\/li><\/ul><h4><strong>What We Offer<\/strong><\/h4><ul><li>Full-time position (35 h \/ week).<\/li><li>Start date: November 24, 2025.<\/li><li>Workplace: 1560 Sherbrooke East, Montreal. Hybrid mode with required in-office presence as needed (minimum 1 day\/week, on Tuesdays).<\/li><li>Salary range: $60,000 to $75,000 \/ year.<\/li><li>Benefits: personal days, 3 weeks of vacation (6%), group insurance.<\/li><\/ul><h4><strong>How to Apply?<\/strong><\/h4><p>If this position interests you and you would like to apply, please send your CV and a cover letter to Karine Chateauneuf at <a href=\"mailto:karine@fondationsanteurbaine.com\">karine@fondationsanteurbaine.com<\/a> by September 30.<\/p><p>Fondation Sant\u00e9 Urbaine values diversity and respect for differences. We guarantee a selection process free of discrimination.<\/p><p>Thank you for your interest! Only those selected for an interview will be contacted.<\/p><\/div>\n\t\t\t\t<\/div>\n\t\t\t\t\t\t\t\t<\/div>\n\t\t\t\t\t\t<\/div>\n\t\t\t\t<\/div>\n\t\t\t\t\t<\/div>\n\t\t\t\t<\/div>\n\t\t\t\t<\/div>\n\t\t","protected":false},"excerpt":{"rendered":"<p>Join the Fondation Sant\u00e9 Urbaine Do you want to have a positive impact on the CIUSSS du Centre-Sud-de-l\u2019\u00cele-de-Montr\u00e9al community from birth to end of life? Join the Fondation Sant\u00e9 Urbaine team! Positions available All our positions are filled! Thank you for your interest! Do you still want to send us your spontaneous application? Write to [&hellip;]<\/p>\n","protected":false},"author":18,"featured_media":0,"parent":0,"menu_order":0,"comment_status":"closed","ping_status":"closed","template":"","meta":{"footnotes":""},"class_list":["post-13568","page","type-page","status-publish","hentry"],"aioseo_notices":[],"_links":{"self":[{"href":"https:\/\/fondationsanteurbaine.com\/en\/wp-json\/wp\/v2\/pages\/13568","targetHints":{"allow":["GET"]}}],"collection":[{"href":"https:\/\/fondationsanteurbaine.com\/en\/wp-json\/wp\/v2\/pages"}],"about":[{"href":"https:\/\/fondationsanteurbaine.com\/en\/wp-json\/wp\/v2\/types\/page"}],"author":[{"embeddable":true,"href":"https:\/\/fondationsanteurbaine.com\/en\/wp-json\/wp\/v2\/users\/18"}],"replies":[{"embeddable":true,"href":"https:\/\/fondationsanteurbaine.com\/en\/wp-json\/wp\/v2\/comments?post=13568"}],"version-history":[{"count":0,"href":"https:\/\/fondationsanteurbaine.com\/en\/wp-json\/wp\/v2\/pages\/13568\/revisions"}],"wp:attachment":[{"href":"https:\/\/fondationsanteurbaine.com\/en\/wp-json\/wp\/v2\/media?parent=13568"}],"curies":[{"name":"wp","href":"https:\/\/api.w.org\/{rel}","templated":true}]}}