{"id":13629,"date":"2025-05-05T11:07:11","date_gmt":"2025-05-05T15:07:11","guid":{"rendered":"https:\/\/fondationsanteurbaine.com\/hopital-verdun\/hopital-de-verdun-le-projet\/"},"modified":"2025-12-04T14:46:30","modified_gmt":"2025-12-04T19:46:30","slug":"verdun-hospital-the-project","status":"publish","type":"page","link":"https:\/\/fondationsanteurbaine.com\/en\/hopital-verdun\/verdun-hospital-the-project\/","title":{"rendered":"Verdun Hospital: The Project"},"content":{"rendered":"\t\t<div data-elementor-type=\"wp-page\" data-elementor-id=\"13629\" class=\"elementor elementor-13629 elementor-12545\" data-elementor-post-type=\"page\">\n\t\t\t\t<div class=\"elementor-element elementor-element-6655a1e2 e-flex e-con-boxed e-con e-parent\" data-id=\"6655a1e2\" data-element_type=\"container\" data-settings=\"{&quot;background_background&quot;:&quot;classic&quot;}\">\n\t\t\t\t\t<div class=\"e-con-inner\">\n\t\t<div class=\"elementor-element elementor-element-dd99d7a e-con-full e-flex e-con e-child\" data-id=\"dd99d7a\" data-element_type=\"container\" data-settings=\"{&quot;background_background&quot;:&quot;classic&quot;}\">\n\t\t\t\t<div class=\"elementor-element elementor-element-27ab8b6 elmn-offcl-h2 elementor-widget elementor-widget-heading\" data-id=\"27ab8b6\" data-element_type=\"widget\" data-widget_type=\"heading.default\">\n\t\t\t\t<div class=\"elementor-widget-container\">\n\t\t\t\t\t<h2 class=\"elementor-heading-title elementor-size-default\">The project<\/h2>\t\t\t\t<\/div>\n\t\t\t\t<\/div>\n\t\t\t\t<\/div>\n\t\t<div class=\"elementor-element elementor-element-5fc4934 e-con-full e-flex e-con e-child\" data-id=\"5fc4934\" data-element_type=\"container\">\n\t\t\t\t<div class=\"elementor-element elementor-element-db2624e elementor-widget elementor-widget-text-editor\" data-id=\"db2624e\" data-element_type=\"widget\" data-widget_type=\"text-editor.default\">\n\t\t\t\t<div class=\"elementor-widget-container\">\n\t\t\t\t\t\t\t\t\t\u00a9 Consortium d\u2019architectes JLP MSDL Architectes\t\t\t\t\t\t\t\t<\/div>\n\t\t\t\t<\/div>\n\t\t\t\t<\/div>\n\t\t\t\t\t<\/div>\n\t\t\t\t<\/div>\n\t\t<div class=\"elementor-element elementor-element-573a1bc e-flex e-con-boxed e-con e-parent\" data-id=\"573a1bc\" data-element_type=\"container\" data-settings=\"{&quot;background_background&quot;:&quot;classic&quot;}\">\n\t\t\t\t\t<div class=\"e-con-inner\">\n\t\t\t\t<div class=\"elementor-element elementor-element-a69401c elementor-widget__width-initial elementor-widget-mobile__width-inherit elementor-widget-tablet__width-initial elementor-blockquote--skin-border elementor-widget elementor-widget-blockquote\" data-id=\"a69401c\" data-element_type=\"widget\" data-widget_type=\"blockquote.default\">\n\t\t\t\t<div class=\"elementor-widget-container\">\n\t\t\t\t\t\t\t<blockquote class=\"elementor-blockquote\">\n\t\t\t<p class=\"elementor-blockquote__content\">\n\t\t\t\tFor over 90 years, Verdun Hospital has been an integral part of its community. Every day, our teams welcome people of all ages with the same commitment: to provide accessible, effective, and compassionate care.<br>\nThe expansion and modernization project marks a true transformation in the way we deliver care. Redesigned spaces, state-of-the-art equipment, and a person-centered organization will allow us to better meet the needs of a rapidly growing population.<br><br>\nAs a physician, I am delighted to see our care environment becoming more welcoming, safer, and better suited to today\u2019s realities. Our community deserves it. So do our teams.<br>\nIt is a privilege to be part of this evolution, which will make a real difference for current and future generations.\t\t\t<\/p>\n\t\t\t\t\t\t\t<div class=\"e-q-footer\">\n\t\t\t\t\t\t\t\t\t\t\t<cite class=\"elementor-blockquote__author\">Dr. Daniel Brendon Murphy<br> Medical Director and Director of Professional Services, CIUSSS du Centre-Sud-de-l'\u00cele-de-Montr\u00e9al<\/cite>\n\t\t\t\t\t\t\t\t\t\t\t\t\t\t<\/div>\n\t\t\t\t\t<\/blockquote>\n\t\t\t\t\t\t<\/div>\n\t\t\t\t<\/div>\n\t\t\t\t<div class=\"elementor-element elementor-element-3013160 elementor-widget__width-initial elementor-widget-mobile__width-inherit elementor-widget-tablet__width-initial elementor-widget elementor-widget-image\" data-id=\"3013160\" data-element_type=\"widget\" data-widget_type=\"image.default\">\n\t\t\t\t<div class=\"elementor-widget-container\">\n\t\t\t\t\t\t\t\t\t\t\t\t\t\t\t<img fetchpriority=\"high\" decoding=\"async\" width=\"1200\" height=\"1200\" src=\"https:\/\/fondationsanteurbaine.com\/wp-content\/uploads\/2025\/10\/DanielMurphy.webp\" class=\"attachment-full size-full wp-image-13621\" alt=\"\" srcset=\"https:\/\/fondationsanteurbaine.com\/wp-content\/uploads\/2025\/10\/DanielMurphy.webp 1200w, https:\/\/fondationsanteurbaine.com\/wp-content\/uploads\/2025\/10\/DanielMurphy-300x300.webp 300w, https:\/\/fondationsanteurbaine.com\/wp-content\/uploads\/2025\/10\/DanielMurphy-1024x1024.webp 1024w, https:\/\/fondationsanteurbaine.com\/wp-content\/uploads\/2025\/10\/DanielMurphy-150x150.webp 150w, https:\/\/fondationsanteurbaine.com\/wp-content\/uploads\/2025\/10\/DanielMurphy-768x768.webp 768w\" sizes=\"(max-width: 1200px) 100vw, 1200px\" \/>\t\t\t\t\t\t\t\t\t\t\t\t\t\t\t<\/div>\n\t\t\t\t<\/div>\n\t\t\t\t\t<\/div>\n\t\t\t\t<\/div>\n\t\t<div class=\"elementor-element elementor-element-9f06175 e-flex e-con-boxed e-con e-parent\" data-id=\"9f06175\" data-element_type=\"container\" data-settings=\"{&quot;background_background&quot;:&quot;classic&quot;}\">\n\t\t\t\t\t<div class=\"e-con-inner\">\n\t\t<div class=\"elementor-element elementor-element-ac953b7 e-con-full e-flex e-con e-child\" data-id=\"ac953b7\" data-element_type=\"container\">\n\t\t\t\t<div class=\"elementor-element elementor-element-5fe4527 elmn-offcl-h2 elementor-widget__width-inherit elementor-widget elementor-widget-heading\" data-id=\"5fe4527\" data-element_type=\"widget\" data-widget_type=\"heading.default\">\n\t\t\t\t<div class=\"elementor-widget-container\">\n\t\t\t\t\t<h2 class=\"elementor-heading-title elementor-size-default\">Project Overview<\/h2>\t\t\t\t<\/div>\n\t\t\t\t<\/div>\n\t\t\t\t<div class=\"elementor-element elementor-element-a0d80a7 elementor-widget__width-inherit elementor-widget elementor-widget-text-editor\" data-id=\"a0d80a7\" data-element_type=\"widget\" data-widget_type=\"text-editor.default\">\n\t\t\t\t<div class=\"elementor-widget-container\">\n\t\t\t\t\t\t\t\t\tSince its construction, Verdun Hospital has provided frontline care to a diverse and ever-evolving population. However, its aging infrastructure no longer meets today\u2019s standards and needs for quality, safety, and comfort.\n\nRapid population growth, an aging demographic, and increasingly complex healthcare needs call for modern, adaptable facilities.\n\nThe expansion and modernization project of Verdun Hospital provides a concrete response to these challenges. With a 60% increase in its total surface area, the hospital will move from the era of 1930s hospitals to that of a state-of-the-art healthcare center.\t\t\t\t\t\t\t\t<\/div>\n\t\t\t\t<\/div>\n\t\t\t\t<div class=\"elementor-element elementor-element-7650e5b elementor-widget__width-inherit elementor-widget elementor-widget-text-editor\" data-id=\"7650e5b\" data-element_type=\"widget\" data-widget_type=\"text-editor.default\">\n\t\t\t\t<div class=\"elementor-widget-container\">\n\t\t\t\t\t\t\t\t\tThe main components of the project include\t\t\t\t\t\t\t\t<\/div>\n\t\t\t\t<\/div>\n\t\t\t\t<\/div>\n\t\t<div class=\"elementor-element elementor-element-b06f6d3 e-con-full e-flex e-con e-child\" data-id=\"b06f6d3\" data-element_type=\"container\">\n\t\t<div class=\"elementor-element elementor-element-dfa0938 e-con-full e-flex e-con e-child\" data-id=\"dfa0938\" data-element_type=\"container\">\n\t\t\t\t<div class=\"elementor-element elementor-element-c4297b9 elementor-widget elementor-widget-text-editor\" data-id=\"c4297b9\" data-element_type=\"widget\" data-widget_type=\"text-editor.default\">\n\t\t\t\t<div class=\"elementor-widget-container\">\n\t\t\t\t\t\t\t\t\t<ul>\n  <li><strong>A new five-story care and service pavilion<\/strong> housing 144 private rooms, each with a private bathroom and a sleeper chair for loved ones, offering privacy and comfort.<\/li>\n  <li><strong>An expanded and redesigned outpatient sector<\/strong> to improve accessibility and service efficiency.\n    <ul>\n      <li>The number of examination and treatment rooms will increase from 15 to 29 and will include:\n        <ul>\n          <li>a casting room<\/li>\n          <li>a minor surgery room<\/li>\n          <li>a gynecology procedure room<\/li>\n          <li>specialized rooms for ophthalmology and ENT<\/li>\n          <li>\n            <p class=\"p1\">Addition of 3 treatment areas and a negative pressure room in the day medicine unit<\/p>\n          <\/li>\n        <\/ul>\n      <\/li>\n      <li>A negative pressure room will also be added in the day medicine unit to improve infection control.<\/li>\n    <\/ul>\n  <\/li>\n<\/ul>\t\t\t\t\t\t\t\t<\/div>\n\t\t\t\t<\/div>\n\t\t\t\t<\/div>\n\t\t<div class=\"elementor-element elementor-element-51e1625 e-con-full e-flex e-con e-child\" data-id=\"51e1625\" data-element_type=\"container\" data-settings=\"{&quot;background_background&quot;:&quot;classic&quot;}\">\n\t\t\t\t<\/div>\n\t\t\t\t<\/div>\n\t\t<div class=\"elementor-element elementor-element-4fc64bb e-con-full e-flex e-con e-child\" data-id=\"4fc64bb\" data-element_type=\"container\">\n\t\t\t\t<div class=\"elementor-element elementor-element-78c3701 elementor-widget elementor-widget-text-editor\" data-id=\"78c3701\" data-element_type=\"widget\" data-widget_type=\"text-editor.default\">\n\t\t\t\t<div class=\"elementor-widget-container\">\n\t\t\t\t\t\t\t\t\t<ul>\n  <li><strong>A glass walkway<\/strong> connecting the new pavilion to the existing building on each level, facilitating circulation and access to services.<\/li>\n  <li><strong>A central atrium<\/strong> serving as both a hub for movement and a welcoming space for patients, their loved ones, and care teams.<\/li>\n  <li><strong>Two new elevator shafts<\/strong><\/li>\n  <li><strong>Eco-friendly installations<\/strong> aiming for LEED certification, including:\n    <ul>\n      <li>white roofs<\/li>\n      <li>a green roof section<\/li>\n      <li>sustainable landscaping<\/li>\n    <\/ul>\n  <\/li>\n<\/ul>\t\t\t\t\t\t\t\t<\/div>\n\t\t\t\t<\/div>\n\t\t\t\t<\/div>\n\t\t\t\t\t<\/div>\n\t\t\t\t<\/div>\n\t\t<div class=\"elementor-element elementor-element-91392f9 e-flex e-con-boxed e-con e-parent\" data-id=\"91392f9\" data-element_type=\"container\" data-settings=\"{&quot;background_background&quot;:&quot;classic&quot;}\">\n\t\t\t\t\t<div class=\"e-con-inner\">\n\t\t\t\t<div class=\"elementor-element elementor-element-1f95031 elmn-offcl-h2 elementor-widget elementor-widget-heading\" data-id=\"1f95031\" data-element_type=\"widget\" data-widget_type=\"heading.default\">\n\t\t\t\t<div class=\"elementor-widget-container\">\n\t\t\t\t\t<h2 class=\"elementor-heading-title elementor-size-default\">Five Objectives for a Future-Focused Hospital<\/h2>\t\t\t\t<\/div>\n\t\t\t\t<\/div>\n\t\t\t\t<div class=\"elementor-element elementor-element-8f2d000 elementor-widget elementor-widget-text-editor\" data-id=\"8f2d000\" data-element_type=\"widget\" data-widget_type=\"text-editor.default\">\n\t\t\t\t<div class=\"elementor-widget-container\">\n\t\t\t\t\t\t\t\t\t<p>Beyond the walls and equipment, the Verdun Hospital transformation project is built on an ambitious vision of healthcare: an integrated, human, and innovative approach that places the individual at the heart of every decision.<\/p><p>Five key objectives guide this transformation. Together, they shape a hospital that is more efficient, more accessible, and deeply rooted in the real needs of its community.<\/p>\t\t\t\t\t\t\t\t<\/div>\n\t\t\t\t<\/div>\n\t\t<div class=\"elementor-element elementor-element-9a614cf e-con-full e-flex e-con e-child\" data-id=\"9a614cf\" data-element_type=\"container\">\n\t\t\t\t<div class=\"elementor-element elementor-element-1192586 elementor-widget__width-initial elementor-widget-mobile__width-inherit elementor-view-default elementor-position-block-start elementor-mobile-position-block-start elementor-widget elementor-widget-icon-box\" data-id=\"1192586\" data-element_type=\"widget\" data-widget_type=\"icon-box.default\">\n\t\t\t\t<div class=\"elementor-widget-container\">\n\t\t\t\t\t\t\t<div class=\"elementor-icon-box-wrapper\">\n\n\t\t\t\t\t\t<div class=\"elementor-icon-box-icon\">\n\t\t\t\t<span  class=\"elementor-icon\">\n\t\t\t\t<svg aria-hidden=\"true\" class=\"e-font-icon-svg e-fas-user-clock\" viewBox=\"0 0 640 512\" xmlns=\"http:\/\/www.w3.org\/2000\/svg\"><path d=\"M496 224c-79.6 0-144 64.4-144 144s64.4 144 144 144 144-64.4 144-144-64.4-144-144-144zm64 150.3c0 5.3-4.4 9.7-9.7 9.7h-60.6c-5.3 0-9.7-4.4-9.7-9.7v-76.6c0-5.3 4.4-9.7 9.7-9.7h12.6c5.3 0 9.7 4.4 9.7 9.7V352h38.3c5.3 0 9.7 4.4 9.7 9.7v12.6zM320 368c0-27.8 6.7-54.1 18.2-77.5-8-1.5-16.2-2.5-24.6-2.5h-16.7c-22.2 10.2-46.9 16-72.9 16s-50.6-5.8-72.9-16h-16.7C60.2 288 0 348.2 0 422.4V464c0 26.5 21.5 48 48 48h347.1c-45.3-31.9-75.1-84.5-75.1-144zm-96-112c70.7 0 128-57.3 128-128S294.7 0 224 0 96 57.3 96 128s57.3 128 128 128z\"><\/path><\/svg>\t\t\t\t<\/span>\n\t\t\t<\/div>\n\t\t\t\n\t\t\t\t\t\t<div class=\"elementor-icon-box-content\">\n\n\t\t\t\t\t\t\t\t\t<h3 class=\"elementor-icon-box-title\">\n\t\t\t\t\t\t<span  >\n\t\t\t\t\t\t\tMore Time for Care\t\t\t\t\t\t<\/span>\n\t\t\t\t\t<\/h3>\n\t\t\t\t\n\t\t\t\t\t\t\t\t\t<p class=\"elementor-icon-box-description\">\n\t\t\t\t\t\tGr\u00e2ce \u00e0 une informatisation accrue et \u00e0 l\u2019int\u00e9gration d\u2019outils num\u00e9riques performants, les \u00e9quipes soignantes pourront acc\u00e9der rapidement aux dossiers m\u00e9dicaux, documenter les soins en temps r\u00e9el et r\u00e9duire les d\u00e9placements inutiles, lib\u00e9rant ainsi du temps pour la relation de soin.\t\t\t\t\t<\/p>\n\t\t\t\t\n\t\t\t<\/div>\n\t\t\t\n\t\t<\/div>\n\t\t\t\t\t\t<\/div>\n\t\t\t\t<\/div>\n\t\t\t\t<div class=\"elementor-element elementor-element-d4c0f48 elementor-widget__width-initial elementor-widget-mobile__width-inherit elementor-view-default elementor-position-block-start elementor-mobile-position-block-start elementor-widget elementor-widget-icon-box\" data-id=\"d4c0f48\" data-element_type=\"widget\" data-widget_type=\"icon-box.default\">\n\t\t\t\t<div class=\"elementor-widget-container\">\n\t\t\t\t\t\t\t<div class=\"elementor-icon-box-wrapper\">\n\n\t\t\t\t\t\t<div class=\"elementor-icon-box-icon\">\n\t\t\t\t<span  class=\"elementor-icon\">\n\t\t\t\t<svg aria-hidden=\"true\" class=\"e-font-icon-svg e-fas-building\" viewBox=\"0 0 448 512\" xmlns=\"http:\/\/www.w3.org\/2000\/svg\"><path d=\"M436 480h-20V24c0-13.255-10.745-24-24-24H56C42.745 0 32 10.745 32 24v456H12c-6.627 0-12 5.373-12 12v20h448v-20c0-6.627-5.373-12-12-12zM128 76c0-6.627 5.373-12 12-12h40c6.627 0 12 5.373 12 12v40c0 6.627-5.373 12-12 12h-40c-6.627 0-12-5.373-12-12V76zm0 96c0-6.627 5.373-12 12-12h40c6.627 0 12 5.373 12 12v40c0 6.627-5.373 12-12 12h-40c-6.627 0-12-5.373-12-12v-40zm52 148h-40c-6.627 0-12-5.373-12-12v-40c0-6.627 5.373-12 12-12h40c6.627 0 12 5.373 12 12v40c0 6.627-5.373 12-12 12zm76 160h-64v-84c0-6.627 5.373-12 12-12h40c6.627 0 12 5.373 12 12v84zm64-172c0 6.627-5.373 12-12 12h-40c-6.627 0-12-5.373-12-12v-40c0-6.627 5.373-12 12-12h40c6.627 0 12 5.373 12 12v40zm0-96c0 6.627-5.373 12-12 12h-40c-6.627 0-12-5.373-12-12v-40c0-6.627 5.373-12 12-12h40c6.627 0 12 5.373 12 12v40zm0-96c0 6.627-5.373 12-12 12h-40c-6.627 0-12-5.373-12-12V76c0-6.627 5.373-12 12-12h40c6.627 0 12 5.373 12 12v40z\"><\/path><\/svg>\t\t\t\t<\/span>\n\t\t\t<\/div>\n\t\t\t\n\t\t\t\t\t\t<div class=\"elementor-icon-box-content\">\n\n\t\t\t\t\t\t\t\t\t<h3 class=\"elementor-icon-box-title\">\n\t\t\t\t\t\t<span  >\n\t\t\t\t\t\t\tWorking Together as a Learning Organization\t\t\t\t\t\t<\/span>\n\t\t\t\t\t<\/h3>\n\t\t\t\t\n\t\t\t\t\t\t\t\t\t<p class=\"elementor-icon-box-description\">\n\t\t\t\t\t\tBy relying on objective data, continuous practice analysis, and collaborative approaches, teams will be able to make informed decisions, adjust interventions, and foster a culture of continuous improvement.\t\t\t\t\t<\/p>\n\t\t\t\t\n\t\t\t<\/div>\n\t\t\t\n\t\t<\/div>\n\t\t\t\t\t\t<\/div>\n\t\t\t\t<\/div>\n\t\t\t\t<div class=\"elementor-element elementor-element-0aa1b03 elementor-widget__width-initial elementor-widget-mobile__width-inherit elementor-view-default elementor-position-block-start elementor-mobile-position-block-start elementor-widget elementor-widget-icon-box\" data-id=\"0aa1b03\" data-element_type=\"widget\" data-widget_type=\"icon-box.default\">\n\t\t\t\t<div class=\"elementor-widget-container\">\n\t\t\t\t\t\t\t<div class=\"elementor-icon-box-wrapper\">\n\n\t\t\t\t\t\t<div class=\"elementor-icon-box-icon\">\n\t\t\t\t<span  class=\"elementor-icon\">\n\t\t\t\t<svg aria-hidden=\"true\" class=\"e-font-icon-svg e-fas-user\" viewBox=\"0 0 448 512\" xmlns=\"http:\/\/www.w3.org\/2000\/svg\"><path d=\"M224 256c70.7 0 128-57.3 128-128S294.7 0 224 0 96 57.3 96 128s57.3 128 128 128zm89.6 32h-16.7c-22.2 10.2-46.9 16-72.9 16s-50.6-5.8-72.9-16h-16.7C60.2 288 0 348.2 0 422.4V464c0 26.5 21.5 48 48 48h352c26.5 0 48-21.5 48-48v-41.6c0-74.2-60.2-134.4-134.4-134.4z\"><\/path><\/svg>\t\t\t\t<\/span>\n\t\t\t<\/div>\n\t\t\t\n\t\t\t\t\t\t<div class=\"elementor-icon-box-content\">\n\n\t\t\t\t\t\t\t\t\t<h3 class=\"elementor-icon-box-title\">\n\t\t\t\t\t\t<span  >\n\t\t\t\t\t\t\tEliminating Barriers to Care\t\t\t\t\t\t<\/span>\n\t\t\t\t\t<\/h3>\n\t\t\t\t\n\t\t\t\t\t\t\t\t\t<p class=\"elementor-icon-box-description\">\n\t\t\t\t\t\tSimplify care pathways, bring services closer to where people live, and reduce wait times through better-designed spaces and a more accessible outpatient sector.\t\t\t\t\t<\/p>\n\t\t\t\t\n\t\t\t<\/div>\n\t\t\t\n\t\t<\/div>\n\t\t\t\t\t\t<\/div>\n\t\t\t\t<\/div>\n\t\t\t\t<div class=\"elementor-element elementor-element-88fbe14 elementor-widget__width-initial elementor-widget-mobile__width-inherit elementor-view-default elementor-position-block-start elementor-mobile-position-block-start elementor-widget elementor-widget-icon-box\" data-id=\"88fbe14\" data-element_type=\"widget\" data-widget_type=\"icon-box.default\">\n\t\t\t\t<div class=\"elementor-widget-container\">\n\t\t\t\t\t\t\t<div class=\"elementor-icon-box-wrapper\">\n\n\t\t\t\t\t\t<div class=\"elementor-icon-box-icon\">\n\t\t\t\t<span  class=\"elementor-icon\">\n\t\t\t\t<svg aria-hidden=\"true\" class=\"e-font-icon-svg e-fas-book-reader\" viewBox=\"0 0 512 512\" xmlns=\"http:\/\/www.w3.org\/2000\/svg\"><path d=\"M352 96c0-53.02-42.98-96-96-96s-96 42.98-96 96 42.98 96 96 96 96-42.98 96-96zM233.59 241.1c-59.33-36.32-155.43-46.3-203.79-49.05C13.55 191.13 0 203.51 0 219.14v222.8c0 14.33 11.59 26.28 26.49 27.05 43.66 2.29 131.99 10.68 193.04 41.43 9.37 4.72 20.48-1.71 20.48-11.87V252.56c-.01-4.67-2.32-8.95-6.42-11.46zm248.61-49.05c-48.35 2.74-144.46 12.73-203.78 49.05-4.1 2.51-6.41 6.96-6.41 11.63v245.79c0 10.19 11.14 16.63 20.54 11.9 61.04-30.72 149.32-39.11 192.97-41.4 14.9-.78 26.49-12.73 26.49-27.06V219.14c-.01-15.63-13.56-28.01-29.81-27.09z\"><\/path><\/svg>\t\t\t\t<\/span>\n\t\t\t<\/div>\n\t\t\t\n\t\t\t\t\t\t<div class=\"elementor-icon-box-content\">\n\n\t\t\t\t\t\t\t\t\t<h3 class=\"elementor-icon-box-title\">\n\t\t\t\t\t\t<span  >\n\t\t\t\t\t\t\tEmpowering Patients to Take an Active Role in Their Care Plan\t\t\t\t\t\t<\/span>\n\t\t\t\t\t<\/h3>\n\t\t\t\t\n\t\t\t\t\t\t\t\t\t<p class=\"elementor-icon-box-description\">\n\t\t\t\t\t\tStrengthen autonomy through therapeutic education, self-management support, and the promotion of each individual\u2019s active role. As a university-affiliated institution, Verdun Hospital also plays a key role in training the next generation of healthcare professionals.\t\t\t\t\t<\/p>\n\t\t\t\t\n\t\t\t<\/div>\n\t\t\t\n\t\t<\/div>\n\t\t\t\t\t\t<\/div>\n\t\t\t\t<\/div>\n\t\t\t\t<div class=\"elementor-element elementor-element-307a472 elementor-widget__width-initial elementor-widget-mobile__width-inherit elementor-view-default elementor-position-block-start elementor-mobile-position-block-start elementor-widget elementor-widget-icon-box\" data-id=\"307a472\" data-element_type=\"widget\" data-widget_type=\"icon-box.default\">\n\t\t\t\t<div class=\"elementor-widget-container\">\n\t\t\t\t\t\t\t<div class=\"elementor-icon-box-wrapper\">\n\n\t\t\t\t\t\t<div class=\"elementor-icon-box-icon\">\n\t\t\t\t<span  class=\"elementor-icon\">\n\t\t\t\t<svg aria-hidden=\"true\" class=\"e-font-icon-svg e-fas-hand-holding-heart\" viewBox=\"0 0 576 512\" xmlns=\"http:\/\/www.w3.org\/2000\/svg\"><path d=\"M275.3 250.5c7 7.4 18.4 7.4 25.5 0l108.9-114.2c31.6-33.2 29.8-88.2-5.6-118.8-30.8-26.7-76.7-21.9-104.9 7.7L288 36.9l-11.1-11.6C248.7-4.4 202.8-9.2 172 17.5c-35.3 30.6-37.2 85.6-5.6 118.8l108.9 114.2zm290 77.6c-11.8-10.7-30.2-10-42.6 0L430.3 402c-11.3 9.1-25.4 14-40 14H272c-8.8 0-16-7.2-16-16s7.2-16 16-16h78.3c15.9 0 30.7-10.9 33.3-26.6 3.3-20-12.1-37.4-31.6-37.4H192c-27 0-53.1 9.3-74.1 26.3L71.4 384H16c-8.8 0-16 7.2-16 16v96c0 8.8 7.2 16 16 16h356.8c14.5 0 28.6-4.9 40-14L564 377c15.2-12.1 16.4-35.3 1.3-48.9z\"><\/path><\/svg>\t\t\t\t<\/span>\n\t\t\t<\/div>\n\t\t\t\n\t\t\t\t\t\t<div class=\"elementor-icon-box-content\">\n\n\t\t\t\t\t\t\t\t\t<h3 class=\"elementor-icon-box-title\">\n\t\t\t\t\t\t<span  >\n\t\t\t\t\t\t\tContributing Positively to the Health and Well-Being of the Population\t\t\t\t\t\t<\/span>\n\t\t\t\t\t<\/h3>\n\t\t\t\t\n\t\t\t\t\t\t\t\t\t<p class=\"elementor-icon-box-description\">\n\t\t\t\t\t\tBy focusing on proximity, continuity, and well-designed environments, the hospital becomes a driver of social transformation for the benefit of its community.\t\t\t\t\t<\/p>\n\t\t\t\t\n\t\t\t<\/div>\n\t\t\t\n\t\t<\/div>\n\t\t\t\t\t\t<\/div>\n\t\t\t\t<\/div>\n\t\t\t\t<\/div>\n\t\t\t\t\t<\/div>\n\t\t\t\t<\/div>\n\t\t<div class=\"elementor-element elementor-element-8116074 e-flex e-con-boxed e-con e-parent\" data-id=\"8116074\" data-element_type=\"container\" data-settings=\"{&quot;background_background&quot;:&quot;classic&quot;}\">\n\t\t\t\t\t<div class=\"e-con-inner\">\n\t\t\t\t<div class=\"elementor-element elementor-element-6e8c2d8 elementor-widget elementor-widget-image\" data-id=\"6e8c2d8\" data-element_type=\"widget\" data-widget_type=\"image.default\">\n\t\t\t\t<div class=\"elementor-widget-container\">\n\t\t\t\t\t\t\t\t\t\t\t\t\t\t\t\t<a href=\"https:\/\/fondationsanteurbaine.com\/wp-content\/uploads\/2025\/05\/Echeancier.webp\" data-elementor-open-lightbox=\"yes\" data-elementor-lightbox-title=\"E\u0301che\u0301ancier\" data-e-action-hash=\"#elementor-action%3Aaction%3Dlightbox%26settings%3DeyJpZCI6MTI2MzAsInVybCI6Imh0dHBzOlwvXC9mb25kYXRpb25zYW50ZXVyYmFpbmUuY29tXC93cC1jb250ZW50XC91cGxvYWRzXC8yMDI1XC8wNVwvRWNoZWFuY2llci53ZWJwIn0%3D\">\n\t\t\t\t\t\t\t<img decoding=\"async\" width=\"960\" height=\"540\" src=\"https:\/\/fondationsanteurbaine.com\/wp-content\/uploads\/2025\/05\/Echeancier.webp\" class=\"attachment-full size-full wp-image-12630\" alt=\"\" srcset=\"https:\/\/fondationsanteurbaine.com\/wp-content\/uploads\/2025\/05\/Echeancier.webp 960w, https:\/\/fondationsanteurbaine.com\/wp-content\/uploads\/2025\/05\/Echeancier-300x169.webp 300w, https:\/\/fondationsanteurbaine.com\/wp-content\/uploads\/2025\/05\/Echeancier-768x432.webp 768w\" sizes=\"(max-width: 960px) 100vw, 960px\" \/>\t\t\t\t\t\t\t\t<\/a>\n\t\t\t\t\t\t\t\t\t\t\t\t\t\t\t<\/div>\n\t\t\t\t<\/div>\n\t\t\t\t\t<\/div>\n\t\t\t\t<\/div>\n\t\t\t\t<\/div>\n\t\t","protected":false},"excerpt":{"rendered":"<p>The project \u00a9 Consortium d\u2019architectes JLP MSDL Architectes For over 90 years, Verdun Hospital has been an integral part of its community. Every day, our teams welcome people of all ages with the same commitment: to provide accessible, effective, and compassionate care. The expansion and modernization project marks a true transformation in the way we [&hellip;]<\/p>\n","protected":false},"author":14,"featured_media":11436,"parent":13628,"menu_order":0,"comment_status":"closed","ping_status":"closed","template":"","meta":{"footnotes":""},"class_list":["post-13629","page","type-page","status-publish","has-post-thumbnail","hentry"],"aioseo_notices":[],"_links":{"self":[{"href":"https:\/\/fondationsanteurbaine.com\/en\/wp-json\/wp\/v2\/pages\/13629","targetHints":{"allow":["GET"]}}],"collection":[{"href":"https:\/\/fondationsanteurbaine.com\/en\/wp-json\/wp\/v2\/pages"}],"about":[{"href":"https:\/\/fondationsanteurbaine.com\/en\/wp-json\/wp\/v2\/types\/page"}],"author":[{"embeddable":true,"href":"https:\/\/fondationsanteurbaine.com\/en\/wp-json\/wp\/v2\/users\/14"}],"replies":[{"embeddable":true,"href":"https:\/\/fondationsanteurbaine.com\/en\/wp-json\/wp\/v2\/comments?post=13629"}],"version-history":[{"count":0,"href":"https:\/\/fondationsanteurbaine.com\/en\/wp-json\/wp\/v2\/pages\/13629\/revisions"}],"up":[{"embeddable":true,"href":"https:\/\/fondationsanteurbaine.com\/en\/wp-json\/wp\/v2\/pages\/13628"}],"wp:featuredmedia":[{"embeddable":true,"href":"https:\/\/fondationsanteurbaine.com\/en\/wp-json\/wp\/v2\/media\/11436"}],"wp:attachment":[{"href":"https:\/\/fondationsanteurbaine.com\/en\/wp-json\/wp\/v2\/media?parent=13629"}],"curies":[{"name":"wp","href":"https:\/\/api.w.org\/{rel}","templated":true}]}}