{"id":13630,"date":"2025-05-05T11:46:06","date_gmt":"2025-05-05T15:46:06","guid":{"rendered":"https:\/\/fondationsanteurbaine.com\/hopital-verdun\/hopital-de-verdun-le-role-de-la-fondation\/"},"modified":"2025-12-05T12:12:39","modified_gmt":"2025-12-05T17:12:39","slug":"verdun-hospital-the-role-of-the-foundation","status":"publish","type":"page","link":"https:\/\/fondationsanteurbaine.com\/en\/hopital-verdun\/verdun-hospital-the-role-of-the-foundation\/","title":{"rendered":"Verdun Hospital: The Role of the Foundation"},"content":{"rendered":"\t\t<div data-elementor-type=\"wp-page\" data-elementor-id=\"13630\" class=\"elementor elementor-13630 elementor-12551\" data-elementor-post-type=\"page\">\n\t\t\t\t<div class=\"elementor-element elementor-element-32db2f81 e-flex e-con-boxed e-con e-parent\" data-id=\"32db2f81\" data-element_type=\"container\" data-settings=\"{&quot;background_background&quot;:&quot;classic&quot;}\">\n\t\t\t\t\t<div class=\"e-con-inner\">\n\t\t<div class=\"elementor-element elementor-element-292296a e-con-full e-flex e-con e-child\" data-id=\"292296a\" data-element_type=\"container\" data-settings=\"{&quot;background_background&quot;:&quot;classic&quot;}\">\n\t\t\t\t<div class=\"elementor-element elementor-element-6e634df9 elmn-offcl-h2 elementor-widget elementor-widget-heading\" data-id=\"6e634df9\" data-element_type=\"widget\" data-widget_type=\"heading.default\">\n\t\t\t\t<div class=\"elementor-widget-container\">\n\t\t\t\t\t<h2 class=\"elementor-heading-title elementor-size-default\">The role of the Foundation<\/h2>\t\t\t\t<\/div>\n\t\t\t\t<\/div>\n\t\t\t\t<\/div>\n\t\t<div class=\"elementor-element elementor-element-577b03cc e-con-full e-flex e-con e-child\" data-id=\"577b03cc\" data-element_type=\"container\">\n\t\t\t\t<div class=\"elementor-element elementor-element-3944e415 elementor-widget elementor-widget-text-editor\" data-id=\"3944e415\" data-element_type=\"widget\" data-widget_type=\"text-editor.default\">\n\t\t\t\t<div class=\"elementor-widget-container\">\n\t\t\t\t\t\t\t\t\t\u00a9 Consortium d\u2019architectes JLP MSDL Architectes\t\t\t\t\t\t\t\t<\/div>\n\t\t\t\t<\/div>\n\t\t\t\t<\/div>\n\t\t\t\t\t<\/div>\n\t\t\t\t<\/div>\n\t\t<div class=\"elementor-element elementor-element-573a1bc e-flex e-con-boxed e-con e-parent\" data-id=\"573a1bc\" data-element_type=\"container\" data-settings=\"{&quot;background_background&quot;:&quot;classic&quot;}\">\n\t\t\t\t\t<div class=\"e-con-inner\">\n\t\t<div class=\"elementor-element elementor-element-d10367b e-con-full e-flex e-con e-child\" data-id=\"d10367b\" data-element_type=\"container\">\n\t\t<div class=\"elementor-element elementor-element-97dbe5e e-con-full e-flex e-con e-child\" data-id=\"97dbe5e\" data-element_type=\"container\">\n\t\t\t\t<div class=\"elementor-element elementor-element-ed35ed9 elementor-widget elementor-widget-text-editor\" data-id=\"ed35ed9\" data-element_type=\"widget\" data-widget_type=\"text-editor.default\">\n\t\t\t\t<div class=\"elementor-widget-container\">\n\t\t\t\t\t\t\t\t\t<p>At Fondation Sant\u00e9 Urbaine, we believe that everyone deserves exceptional care in a safe, modern, and compassionate environment.<\/p><p>That\u2019s why we\u2019ve chosen to support the Verdun Hospital expansion and modernization project by funding elements that enhance the daily care experience: <strong>more versatile equipment, cutting-edge clinical technologies, and environments designed for comfort, dignity, and efficiency<\/strong>.<\/p><p>Our involvement also supports the modernization of the existing hospital to ensure coherence and continuity between the old spaces and the new facilities.<\/p><p>In practical terms, our contribution aims to provide care teams with the tools they need to deliver more effective and better-adapted care, while offering every individual an environment that truly meets their needs.<\/p>\t\t\t\t\t\t\t\t<\/div>\n\t\t\t\t<\/div>\n\t\t\t\t<\/div>\n\t\t<div class=\"elementor-element elementor-element-3c56e49 e-con-full e-flex e-con e-child\" data-id=\"3c56e49\" data-element_type=\"container\" data-settings=\"{&quot;background_background&quot;:&quot;slideshow&quot;,&quot;background_slideshow_gallery&quot;:[{&quot;id&quot;:12574,&quot;url&quot;:&quot;https:\\\/\\\/fondationsanteurbaine.com\\\/wp-content\\\/uploads\\\/2025\\\/05\\\/HopitaldeVerdun-3.webp&quot;},{&quot;id&quot;:12576,&quot;url&quot;:&quot;https:\\\/\\\/fondationsanteurbaine.com\\\/wp-content\\\/uploads\\\/2025\\\/05\\\/HopitaldeVerdun-4.webp&quot;},{&quot;id&quot;:12580,&quot;url&quot;:&quot;https:\\\/\\\/fondationsanteurbaine.com\\\/wp-content\\\/uploads\\\/2025\\\/05\\\/HopitaldeVerdun-6.webp&quot;},{&quot;id&quot;:12578,&quot;url&quot;:&quot;https:\\\/\\\/fondationsanteurbaine.com\\\/wp-content\\\/uploads\\\/2025\\\/05\\\/HopitaldeVerdun-5.webp&quot;}],&quot;background_slideshow_loop&quot;:&quot;yes&quot;,&quot;background_slideshow_slide_duration&quot;:5000,&quot;background_slideshow_slide_transition&quot;:&quot;fade&quot;,&quot;background_slideshow_transition_duration&quot;:500}\">\n\t\t\t\t<div class=\"elementor-element elementor-element-a0d0a17 elmn-offcl-h2 elementor-widget elementor-widget-heading\" data-id=\"a0d0a17\" data-element_type=\"widget\" data-widget_type=\"heading.default\">\n\t\t\t\t<div class=\"elementor-widget-container\">\n\t\t\t\t\t<p class=\"elementor-heading-title elementor-size-default\">\u00a9 CIUSSS du Centre-Sud-de-l'\u00cele-de-Montr\u00e9al \u2014 Jodoin Lamarre Pratte \/ Menk\u00e8s Shooner Dagenais Letourneux \/ CGA architectes en consortium<\/p>\t\t\t\t<\/div>\n\t\t\t\t<\/div>\n\t\t\t\t<\/div>\n\t\t\t\t<\/div>\n\t\t\t\t\t<\/div>\n\t\t\t\t<\/div>\n\t\t<div class=\"elementor-element elementor-element-a66a4d9 e-flex e-con-boxed e-con e-parent\" data-id=\"a66a4d9\" data-element_type=\"container\" data-settings=\"{&quot;background_background&quot;:&quot;classic&quot;}\">\n\t\t\t\t\t<div class=\"e-con-inner\">\n\t\t\t\t<div class=\"elementor-element elementor-element-15b09ef elmn-offcl-h2 elementor-widget elementor-widget-heading\" data-id=\"15b09ef\" data-element_type=\"widget\" data-widget_type=\"heading.default\">\n\t\t\t\t<div class=\"elementor-widget-container\">\n\t\t\t\t\t<h2 class=\"elementor-heading-title elementor-size-default\">Thanks to your support, we will help fund:<\/h2>\t\t\t\t<\/div>\n\t\t\t\t<\/div>\n\t\t\t\t<div class=\"elementor-element elementor-element-164efd9 elementor-widget elementor-widget-n-accordion\" data-id=\"164efd9\" data-element_type=\"widget\" data-settings=\"{&quot;default_state&quot;:&quot;all_collapsed&quot;,&quot;max_items_expended&quot;:&quot;one&quot;,&quot;n_accordion_animation_duration&quot;:{&quot;unit&quot;:&quot;ms&quot;,&quot;size&quot;:400,&quot;sizes&quot;:[]}}\" data-widget_type=\"nested-accordion.default\">\n\t\t\t\t<div class=\"elementor-widget-container\">\n\t\t\t\t\t\t\t<div class=\"e-n-accordion\" aria-label=\"Accordion. Open links with Enter or Space, close with Escape, and navigate with Arrow Keys\">\n\t\t\t\t\t\t<details id=\"e-n-accordion-item-2330\" class=\"e-n-accordion-item\" >\n\t\t\t\t<summary class=\"e-n-accordion-item-title\" data-accordion-index=\"1\" tabindex=\"0\" aria-expanded=\"false\" aria-controls=\"e-n-accordion-item-2330\" >\n\t\t\t\t\t<span class='e-n-accordion-item-title-header'><div class=\"e-n-accordion-item-title-text\"> Clinical Digitization \u2014 $863,500 <\/div><\/span>\n\t\t\t\t\t\t\t<span class='e-n-accordion-item-title-icon'>\n\t\t\t<span class='e-opened' ><svg aria-hidden=\"true\" class=\"e-font-icon-svg e-fas-minus\" viewBox=\"0 0 448 512\" xmlns=\"http:\/\/www.w3.org\/2000\/svg\"><path d=\"M416 208H32c-17.67 0-32 14.33-32 32v32c0 17.67 14.33 32 32 32h384c17.67 0 32-14.33 32-32v-32c0-17.67-14.33-32-32-32z\"><\/path><\/svg><\/span>\n\t\t\t<span class='e-closed'><svg aria-hidden=\"true\" class=\"e-font-icon-svg e-fas-plus\" viewBox=\"0 0 448 512\" xmlns=\"http:\/\/www.w3.org\/2000\/svg\"><path d=\"M416 208H272V64c0-17.67-14.33-32-32-32h-32c-17.67 0-32 14.33-32 32v144H32c-17.67 0-32 14.33-32 32v32c0 17.67 14.33 32 32 32h144v144c0 17.67 14.33 32 32 32h32c17.67 0 32-14.33 32-32V304h144c17.67 0 32-14.33 32-32v-32c0-17.67-14.33-32-32-32z\"><\/path><\/svg><\/span>\n\t\t<\/span>\n\n\t\t\t\t\t\t<\/summary>\n\t\t\t\t<div role=\"region\" aria-labelledby=\"e-n-accordion-item-2330\" class=\"elementor-element elementor-element-24c1b24 e-con-full e-flex e-con e-child\" data-id=\"24c1b24\" data-element_type=\"container\">\n\t\t\t\t<div class=\"elementor-element elementor-element-f255df8 elementor-widget elementor-widget-text-editor\" data-id=\"f255df8\" data-element_type=\"widget\" data-widget_type=\"text-editor.default\">\n\t\t\t\t<div class=\"elementor-widget-container\">\n\t\t\t\t\t\t\t\t\t<p>Des outils num\u00e9riques int\u00e9gr\u00e9s pour gagner du temps, s\u00e9curiser les soins et am\u00e9liorer la fluidit\u00e9 entre les \u00e9quipes.<\/p>\t\t\t\t\t\t\t\t<\/div>\n\t\t\t\t<\/div>\n\t\t\t\t<div class=\"elementor-element elementor-element-bc9dcad elementor-widget elementor-widget-text-editor\" data-id=\"bc9dcad\" data-element_type=\"widget\" data-widget_type=\"text-editor.default\">\n\t\t\t\t<div class=\"elementor-widget-container\">\n\t\t\t\t\t\t\t\t\t<ul><li><strong>98 connected vital signs monitors<\/strong><br \/>Capture vital signs and record data in real time in patients\u2019 electronic medical records.<br \/>Result: less paperwork, more time with patients, and faster detection of complications.<\/li><li><strong>23 mobile workstations and 6 medication carts<\/strong><br \/>These will also allow for the transport of medications and various medical supplies, reducing unnecessary movement and increasing the time spent with patients.<\/li><li><strong>Additional fixed computer stations<\/strong><br \/>Installed in hallways, care units, or treatment rooms to ensure quick and efficient access to documentation.<\/li><\/ul>\t\t\t\t\t\t\t\t<\/div>\n\t\t\t\t<\/div>\n\t\t\t\t<\/div>\n\t\t\t\t\t<\/details>\n\t\t\t\t\t\t<details id=\"e-n-accordion-item-2331\" class=\"e-n-accordion-item\" >\n\t\t\t\t<summary class=\"e-n-accordion-item-title\" data-accordion-index=\"2\" tabindex=\"-1\" aria-expanded=\"false\" aria-controls=\"e-n-accordion-item-2331\" >\n\t\t\t\t\t<span class='e-n-accordion-item-title-header'><div class=\"e-n-accordion-item-title-text\"> Specialized Medical Equipment \u2014 $698,750 <\/div><\/span>\n\t\t\t\t\t\t\t<span class='e-n-accordion-item-title-icon'>\n\t\t\t<span class='e-opened' ><svg aria-hidden=\"true\" class=\"e-font-icon-svg e-fas-minus\" viewBox=\"0 0 448 512\" xmlns=\"http:\/\/www.w3.org\/2000\/svg\"><path d=\"M416 208H32c-17.67 0-32 14.33-32 32v32c0 17.67 14.33 32 32 32h384c17.67 0 32-14.33 32-32v-32c0-17.67-14.33-32-32-32z\"><\/path><\/svg><\/span>\n\t\t\t<span class='e-closed'><svg aria-hidden=\"true\" class=\"e-font-icon-svg e-fas-plus\" viewBox=\"0 0 448 512\" xmlns=\"http:\/\/www.w3.org\/2000\/svg\"><path d=\"M416 208H272V64c0-17.67-14.33-32-32-32h-32c-17.67 0-32 14.33-32 32v144H32c-17.67 0-32 14.33-32 32v32c0 17.67 14.33 32 32 32h144v144c0 17.67 14.33 32 32 32h32c17.67 0 32-14.33 32-32V304h144c17.67 0 32-14.33 32-32v-32c0-17.67-14.33-32-32-32z\"><\/path><\/svg><\/span>\n\t\t<\/span>\n\n\t\t\t\t\t\t<\/summary>\n\t\t\t\t<div role=\"region\" aria-labelledby=\"e-n-accordion-item-2331\" class=\"elementor-element elementor-element-8619899 e-con-full e-flex e-con e-child\" data-id=\"8619899\" data-element_type=\"container\">\n\t\t\t\t<div class=\"elementor-element elementor-element-829b117 elementor-widget elementor-widget-text-editor\" data-id=\"829b117\" data-element_type=\"widget\" data-widget_type=\"text-editor.default\">\n\t\t\t\t<div class=\"elementor-widget-container\">\n\t\t\t\t\t\t\t\t\tTo diagnose, treat, and rehabilitate under the best possible conditions, with cutting-edge equipment tailored to our reality.\t\t\t\t\t\t\t\t<\/div>\n\t\t\t\t<\/div>\n\t\t\t\t<div class=\"elementor-element elementor-element-a60af57 elementor-widget elementor-widget-text-editor\" data-id=\"a60af57\" data-element_type=\"widget\" data-widget_type=\"text-editor.default\">\n\t\t\t\t<div class=\"elementor-widget-container\">\n\t\t\t\t\t\t\t\t\t<ul>\n  <li><strong>Minor surgery table<\/strong><br>\n  Allows procedures to be performed on-site that would otherwise require an operating room. Result: reduced operating room workload and shorter wait times.<\/li>\n\n  <li><strong>Gynecological procedure table adapted for people with reduced mobility<\/strong><br>\n  Designed to facilitate safe examinations and procedures without painful or risky transfers.<\/li>\n\n  <li><strong>Specialized gynecological equipment: ultrasound machine, cauterizer, irrigation pump, hysteroscope, and aspiration-filter device<\/strong><br>\n  Enables on-site procedures that previously required an operating room or transfer to Notre-Dame Hospital, allowing for faster care with diagnosis and treatment during the same appointment.<\/li>\n\n  <li><strong>Ultrasound machine for the ENT clinic<\/strong><br>\n  Used for exploring cervical masses, thyroid follow-up, and ultrasound-guided punctures. Also supports pulmonology and general surgery services.<\/li>\n\n  <li><strong>Biometer (ophthalmology B-scan)<\/strong><br>\n  Provides precise measurements for cataract surgeries. Allows diagnoses to be made at Verdun, avoiding external referrals.<\/li>\n\n  <li><strong>Electrocautery unit for outpatient ophthalmology, ENT, and plastic surgery clinics<\/strong><br>\n  Enables precise, quick, and minimally painful procedures, often without general anesthesia or the need for an operating room transfer.<\/li>\n\n  <li><strong>Volumetric pumps \u2013 upgrade (over 50)<\/strong><br>\n  Immediate access to volumetric pumps in care units offers several clinical, organizational, and safety benefits that improve treatment management and care quality. It also allows for rapid response in emergencies and ensures precise, controlled medication and fluid administration, reducing the risk of dosing errors.<\/li>\n\n  <li><strong>Rehabilitation equipment in care units<\/strong><br>\n  Pathways, tools, and accessories to promote mobility, activity recovery, and a faster return home.<\/li>\n\n  <li><strong>Ceiling-mounted patient lifts<\/strong><br>\n  Facilitate transfers in palliative care, reduce fall risks, and protect staff from musculoskeletal injuries.<\/li>\n\n  <li><strong>AccuVein (portable vein finder)<\/strong><br>\n  An infrared imaging device that projects a real-time map of subcutaneous veins to make blood draws and IV insertions easier\u2014particularly for people with difficult veins such as older adults, dehydrated patients, or those undergoing oncology treatments.<\/li>\n<\/ul>\t\t\t\t\t\t\t\t<\/div>\n\t\t\t\t<\/div>\n\t\t\t\t<\/div>\n\t\t\t\t\t<\/details>\n\t\t\t\t\t\t<details id=\"e-n-accordion-item-2332\" class=\"e-n-accordion-item\" >\n\t\t\t\t<summary class=\"e-n-accordion-item-title\" data-accordion-index=\"3\" tabindex=\"-1\" aria-expanded=\"false\" aria-controls=\"e-n-accordion-item-2332\" >\n\t\t\t\t\t<span class='e-n-accordion-item-title-header'><div class=\"e-n-accordion-item-title-text\"> Comfort and Safety Equipment \u2014 $155,125 <\/div><\/span>\n\t\t\t\t\t\t\t<span class='e-n-accordion-item-title-icon'>\n\t\t\t<span class='e-opened' ><svg aria-hidden=\"true\" class=\"e-font-icon-svg e-fas-minus\" viewBox=\"0 0 448 512\" xmlns=\"http:\/\/www.w3.org\/2000\/svg\"><path d=\"M416 208H32c-17.67 0-32 14.33-32 32v32c0 17.67 14.33 32 32 32h384c17.67 0 32-14.33 32-32v-32c0-17.67-14.33-32-32-32z\"><\/path><\/svg><\/span>\n\t\t\t<span class='e-closed'><svg aria-hidden=\"true\" class=\"e-font-icon-svg e-fas-plus\" viewBox=\"0 0 448 512\" xmlns=\"http:\/\/www.w3.org\/2000\/svg\"><path d=\"M416 208H272V64c0-17.67-14.33-32-32-32h-32c-17.67 0-32 14.33-32 32v144H32c-17.67 0-32 14.33-32 32v32c0 17.67 14.33 32 32 32h144v144c0 17.67 14.33 32 32 32h32c17.67 0 32-14.33 32-32V304h144c17.67 0 32-14.33 32-32v-32c0-17.67-14.33-32-32-32z\"><\/path><\/svg><\/span>\n\t\t<\/span>\n\n\t\t\t\t\t\t<\/summary>\n\t\t\t\t<div role=\"region\" aria-labelledby=\"e-n-accordion-item-2332\" class=\"elementor-element elementor-element-82cdc16 e-con-full e-flex e-con e-child\" data-id=\"82cdc16\" data-element_type=\"container\">\n\t\t\t\t<div class=\"elementor-element elementor-element-0462304 elementor-widget elementor-widget-text-editor\" data-id=\"0462304\" data-element_type=\"widget\" data-widget_type=\"text-editor.default\">\n\t\t\t\t<div class=\"elementor-widget-container\">\n\t\t\t\t\t\t\t\t\tBecause every detail matters in the care experience, from the first contact to the hospital room.\t\t\t\t\t\t\t\t<\/div>\n\t\t\t\t<\/div>\n\t\t\t\t<div class=\"elementor-element elementor-element-ecc110d elementor-widget elementor-widget-text-editor\" data-id=\"ecc110d\" data-element_type=\"widget\" data-widget_type=\"text-editor.default\">\n\t\t\t\t<div class=\"elementor-widget-container\">\n\t\t\t\t\t\t\t\t\t<ul>\n  <li><strong>144 walkers (one per room)<\/strong><br>\n  Promote early mobility, fall prevention, and the maintenance of autonomy.<\/li>\n\n  <li><strong>Blue light\u2013filtering screens<\/strong><br>\n  Reduce eye strain and improve sleep quality for patients and staff during hospitalization.<\/li>\n\n  <li><strong>Ergonomic chairs in waiting areas<\/strong><br>\n  Increased comfort for older adults, people with reduced mobility, or those experiencing anxiety. A variety of seating types to meet all needs.<\/li>\n\n  <li><strong>Communication boards between patients, families, and care teams<\/strong><br>\n  Installed in each room to identify the care team, care objectives, and important reminders \u2014 reducing anxiety and promoting autonomy.<\/li>\n\n  <li><strong>Chairs for family members<\/strong><br>\n  Provide rest, comfort, and support during extended hospital stays or in critical care situations.<\/li>\n<\/ul>\t\t\t\t\t\t\t\t<\/div>\n\t\t\t\t<\/div>\n\t\t\t\t<\/div>\n\t\t\t\t\t<\/details>\n\t\t\t\t\t\t<details id=\"e-n-accordion-item-2333\" class=\"e-n-accordion-item\" >\n\t\t\t\t<summary class=\"e-n-accordion-item-title\" data-accordion-index=\"4\" tabindex=\"-1\" aria-expanded=\"false\" aria-controls=\"e-n-accordion-item-2333\" >\n\t\t\t\t\t<span class='e-n-accordion-item-title-header'><div class=\"e-n-accordion-item-title-text\"> Interior and Exterior Layouts \u2014 $282,625 <\/div><\/span>\n\t\t\t\t\t\t\t<span class='e-n-accordion-item-title-icon'>\n\t\t\t<span class='e-opened' ><svg aria-hidden=\"true\" class=\"e-font-icon-svg e-fas-minus\" viewBox=\"0 0 448 512\" xmlns=\"http:\/\/www.w3.org\/2000\/svg\"><path d=\"M416 208H32c-17.67 0-32 14.33-32 32v32c0 17.67 14.33 32 32 32h384c17.67 0 32-14.33 32-32v-32c0-17.67-14.33-32-32-32z\"><\/path><\/svg><\/span>\n\t\t\t<span class='e-closed'><svg aria-hidden=\"true\" class=\"e-font-icon-svg e-fas-plus\" viewBox=\"0 0 448 512\" xmlns=\"http:\/\/www.w3.org\/2000\/svg\"><path d=\"M416 208H272V64c0-17.67-14.33-32-32-32h-32c-17.67 0-32 14.33-32 32v144H32c-17.67 0-32 14.33-32 32v32c0 17.67 14.33 32 32 32h144v144c0 17.67 14.33 32 32 32h32c17.67 0 32-14.33 32-32V304h144c17.67 0 32-14.33 32-32v-32c0-17.67-14.33-32-32-32z\"><\/path><\/svg><\/span>\n\t\t<\/span>\n\n\t\t\t\t\t\t<\/summary>\n\t\t\t\t<div role=\"region\" aria-labelledby=\"e-n-accordion-item-2333\" class=\"elementor-element elementor-element-24277d9 e-con-full e-flex e-con e-child\" data-id=\"24277d9\" data-element_type=\"container\">\n\t\t\t\t<div class=\"elementor-element elementor-element-97d9e0b elementor-widget elementor-widget-text-editor\" data-id=\"97d9e0b\" data-element_type=\"widget\" data-widget_type=\"text-editor.default\">\n\t\t\t\t<div class=\"elementor-widget-container\">\n\t\t\t\t\t\t\t\t\tWelcoming, calming, and functional spaces designed with people in mind.\t\t\t\t\t\t\t\t<\/div>\n\t\t\t\t<\/div>\n\t\t\t\t<div class=\"elementor-element elementor-element-0d49477 elementor-widget elementor-widget-text-editor\" data-id=\"0d49477\" data-element_type=\"widget\" data-widget_type=\"text-editor.default\">\n\t\t\t\t<div class=\"elementor-widget-container\">\n\t\t\t\t\t\t\t\t\t<ul>\n  <li><strong>Furniture and equipment for the atrium<\/strong><br>\n  A central area transformed into a lively space with seating, rest areas, a catering zone, and information screens.<\/li>\n\n  <li><strong>Outdoor spaces between the pavilions<\/strong><br>\n  Benches, greenery, and furniture to encourage rest, walking, and restorative breaks for caregivers and families.<\/li>\n\n  <li><strong>Decor and furniture in patient lounges<\/strong><br>\n  Provide visual calm, a sense of privacy, and a warmer environment, especially in palliative care.<\/li>\n<\/ul>\t\t\t\t\t\t\t\t<\/div>\n\t\t\t\t<\/div>\n\t\t\t\t<\/div>\n\t\t\t\t\t<\/details>\n\t\t\t\t\t<\/div>\n\t\t\t\t\t\t<\/div>\n\t\t\t\t<\/div>\n\t\t\t\t<div class=\"elementor-element elementor-element-ab304a6 elementor-widget elementor-widget-text-editor\" data-id=\"ab304a6\" data-element_type=\"widget\" data-widget_type=\"text-editor.default\">\n\t\t\t\t<div class=\"elementor-widget-container\">\n\t\t\t\t\t\t\t\t\t<p>Directly aligned with our mission, these tangible investments will enable Verdun Hospital to provide more accessible, safer, and more compassionate care.<\/p><p>Each piece of equipment has been carefully selected to address real needs and to support the work of care teams while enhancing the experience at every stage of the care journey.<\/p><p>They are directly in line with the mission of Fondation Sant\u00e9 Urbaine: to improve the care provided to our community, from birth to end of life.<\/p>\t\t\t\t\t\t\t\t<\/div>\n\t\t\t\t<\/div>\n\t\t\t\t\t<\/div>\n\t\t\t\t<\/div>\n\t\t\t\t<\/div>\n\t\t","protected":false},"excerpt":{"rendered":"<p>The role of the Foundation \u00a9 Consortium d\u2019architectes JLP MSDL Architectes At Fondation Sant\u00e9 Urbaine, we believe that everyone deserves exceptional care in a safe, modern, and compassionate environment. That\u2019s why we\u2019ve chosen to support the Verdun Hospital expansion and modernization project by funding elements that enhance the daily care experience: more versatile equipment, cutting-edge [&hellip;]<\/p>\n","protected":false},"author":14,"featured_media":0,"parent":13628,"menu_order":0,"comment_status":"closed","ping_status":"closed","template":"","meta":{"footnotes":""},"class_list":["post-13630","page","type-page","status-publish","hentry"],"aioseo_notices":[],"_links":{"self":[{"href":"https:\/\/fondationsanteurbaine.com\/en\/wp-json\/wp\/v2\/pages\/13630","targetHints":{"allow":["GET"]}}],"collection":[{"href":"https:\/\/fondationsanteurbaine.com\/en\/wp-json\/wp\/v2\/pages"}],"about":[{"href":"https:\/\/fondationsanteurbaine.com\/en\/wp-json\/wp\/v2\/types\/page"}],"author":[{"embeddable":true,"href":"https:\/\/fondationsanteurbaine.com\/en\/wp-json\/wp\/v2\/users\/14"}],"replies":[{"embeddable":true,"href":"https:\/\/fondationsanteurbaine.com\/en\/wp-json\/wp\/v2\/comments?post=13630"}],"version-history":[{"count":0,"href":"https:\/\/fondationsanteurbaine.com\/en\/wp-json\/wp\/v2\/pages\/13630\/revisions"}],"up":[{"embeddable":true,"href":"https:\/\/fondationsanteurbaine.com\/en\/wp-json\/wp\/v2\/pages\/13628"}],"wp:attachment":[{"href":"https:\/\/fondationsanteurbaine.com\/en\/wp-json\/wp\/v2\/media?parent=13630"}],"curies":[{"name":"wp","href":"https:\/\/api.w.org\/{rel}","templated":true}]}}